{"id":6021,"date":"2026-02-09T10:27:41","date_gmt":"2026-02-09T10:27:41","guid":{"rendered":"https:\/\/enyevent.com\/?page_id=6021"},"modified":"2026-03-24T18:05:46","modified_gmt":"2026-03-24T18:05:46","slug":"florencia","status":"publish","type":"page","link":"https:\/\/enyevent.com\/es\/destinos\/florencia\/","title":{"rendered":"Florencia"},"content":{"rendered":"<p>[vc_row][vc_column]<style>.ld_spacer_69e0243deab2f{height:32px;}<\/style>\n<div class=\"ld-empty-space ld_spacer_69e0243deab2f\"><\/div><style><\/style><div class=\"lqd-tabs lqd-tabs-style-8 d-flex flex-wrap ld_tabs_69e0243deb9a5\" data-tabs-options='{\"trigger\":\"click\"}'>\n\n\t<nav class=\"lqd-tabs-nav-wrap\">\n\t\t<ul class=\"reset-ul lqd-tabs-nav d-flex flex-column \" role=\"tablist\"><li data-controls=\"lqd-1682073809060-587281a8-c4b4\" role=\"presentation\" class=\"ld_tab_section-69e0243dead3a active\"><a class=\"d-flex align-items-center py-1 mb-2\" href=\"#lqd-1682073809060-587281a8-c4b4\" aria-expanded=\"false\" aria-controls=\"lqd-1682073809060-587281a8-c4b4\" role=\"tab\" data-toggle=\"tab\"><span class=\"lqd-tabs-nav-txt\">Florencia<\/span><\/a><\/li><\/ul>\t\t \n\t<\/nav>\n\n\t<div class=\"lqd-tabs-content pl-md-6\"><div id=\"lqd-1682073809060-587281a8-c4b4\" role=\"tabpanel\" class=\"lqd-tabs-pane fade active in\"><style>.ld_fancy_heading_69e0243deae6c h5{color:#6ebb1f;}.ld_fancy_heading_69e0243deae6c h5 {font-size:25px; } .ld_fancy_heading_69e0243deae6c h5 {margin-bottom:1em !important;  } .ld_fancy_heading_69e0243deae6c .lqd-highlight-inner{height:0.275em!important;bottom:0px!important;}.ld_fancy_heading_69e0243deae6c h5 {font-size:25px; } .ld_fancy_heading_69e0243deae6c h5 {margin-bottom:1em !important;  } <\/style><div class=\"ld-fancy-heading ld_fancy_heading_69e0243deae6c\">\n\t<h5 class=\"ld-fh-element lqd-highlight-underline lqd-highlight-grow-left text-decoration-default\"   >  Visita Florencia<\/h5><\/div><style>.ld_content_box_69e0243deb11e .lqd-fb-bg{background:-webkit-linear-gradient(180deg, rgba(255, 255, 255, 0) 0%, rgba(24, 27, 49, 0.6) 100%);background:linear-gradient(180deg, rgba(255, 255, 255, 0) 0%, rgba(24, 27, 49, 0.6) 100%);}<\/style><div id=\"ld_content_box_69e0243deb11e\" class=\"lqd-fb round h-pt-60 lqd-fb-style-6 pos-rel ld_content_box_69e0243deb11e\" data-lqd-zindex=\"true\">\n\t<div class=\"lqd-fb-inner lqd-overlay\">\n\t\t\n\t\t<div class=\"lqd-fb-shadow\"><\/div>\n\n\t\t<div class=\"d-flex flex-wrap align-items-center lqd-overlay\" data-hover3d=\"true\">\n\n\t\t\t<div class=\"lqd-fb-content-wrap lqd-overlay flex-column align-items-end transform-style-3d backface-hidden will-change-transform\" data-stacking-factor=\"0.5\">\n\n\t\t\t\t<div class=\"lqd-fb-img lqd-overlay rount backface-hidden\">\n\t\t\t\t\t<figure class=\"w-100\" data-responsive-bg=\"true\">\n\t\t\t\t\t\t<img decoding=\"async\" width=\"1000\" height=\"926\" src=\"https:\/\/enyevent.com\/wp-content\/uploads\/2026\/03\/Florencia-e1774356068899.jpg\" class=\"w-100 invisible\" alt=\"\" itemprop=\"image\" \/>\t\t\t\t\t<\/figure>\n\t\t\t\t\t<div class=\"lqd-fb-bg lqd-overlay\"><\/div>\n\t\t\t\t\t<div class=\"lqd-fb-hover-overlay lqd-overlay\"><\/div>\n\t\t\t\t<\/div>\n\n\t\t\t\t<div class=\"lqd-fb-content pos-abs pos-bl w-100 p-4 py-lg-7 px-lg-8 backface-hidden\">\n\n\t\t\t\t\t<span class=\"lqd-fb-icon d-flex mb-5\">\n\t\t\t\t\t\t\t\t\t\t\t<\/span>\n\n\t\t\t\t\t\t\t\t\t\t<h6 class=\"my-0 mb-3 font-weight-bold text-uppercase ltr-sp-2\">Actividades en Florencia<\/h6>\n\t\t\t\t\t\t\t\t\t\t\n\t\t\t\t\t\t\t\t\t\t<h2 class=\"lqd-fb-content-title my-0 mb-3 font-weight-bold\">Florencia<\/h2>\n\t\t\t\t\t\t\t\t\t\t\n\t\t\t\t\t\n\t\t\t\t<\/div>\n\n\t\t\t\t\n\t\t\t<\/div>\n\n\t\t<\/div>\n\n\t<\/div>\n<\/div><style>.ld_spacer_69e0243deb4bb{height:30px;}@media (min-width: 992px) { .ld_spacer_69e0243deb4bb{height:45px};}<\/style>\n<div class=\"ld-empty-space ld_spacer_69e0243deb4bb\"><\/div><style>.ld_fancy_heading_69e0243deb65e h6 {margin-bottom:1.5em !important;  } .ld_fancy_heading_69e0243deb65e .lqd-highlight-inner{height:0.275em!important;bottom:0px!important;}.ld_fancy_heading_69e0243deb65e h6 {margin-bottom:1.5em !important;  } <\/style><div class=\"ld-fancy-heading ld_fancy_heading_69e0243deb65e\">\n\t<h6 class=\"ld-fh-element lqd-highlight-underline lqd-highlight-grow-left text-decoration-default\"   >  <strong>Florencia es un destino de referencia para eventos corporativos gracias a su prestigio cultural, su elegancia y su excelente conectividad internacional. La ciudad combina espacios hist\u00f3ricos y modernos para reuniones y congresos, ofreciendo experiencias culturales y gastron\u00f3micas \u00fanicas. Adem\u00e1s, la regi\u00f3n de Toscana ampl\u00eda la oferta con vi\u00f1edos, ciudades hist\u00f3ricas y enclaves exclusivos, convirtiendo a Florencia en una opci\u00f3n completa e inspiradora para eventos empresariales.<\/strong><\/h6><\/div><style>.ld_fancy_heading_69e0243deb83e p {margin-bottom:1.5em !important;  } .ld_fancy_heading_69e0243deb83e .lqd-highlight-inner{height:0.275em!important;bottom:0px!important;}.ld_fancy_heading_69e0243deb83e p {margin-bottom:1.5em !important;  } <\/style><div class=\"ld-fancy-heading ld_fancy_heading_69e0243deb83e\">\n\t<p class=\"ld-fh-element lqd-highlight-underline lqd-highlight-grow-left text-decoration-default\"   >  Florencia es un destino excepcional para eventos corporativos, reconocida mundialmente por su patrimonio art\u00edstico, su elegancia y su ambiente inspirador. Como cuna del Renacimiento, la ciudad ofrece un entorno prestigioso para reuniones, conferencias, programas de incentivos y eventos corporativos exclusivos. Florencia est\u00e1 bien conectada mediante aeropuerto internacional y trenes de alta velocidad, lo que facilita el acceso desde las principales ciudades europeas.<\/p>\n<p>La ciudad combina esplendor hist\u00f3rico con infraestructuras modernas para eventos, ofreciendo una amplia gama de lugares de alto nivel, desde hoteles de lujo y centros de conferencias contempor\u00e1neos hasta palacios renacentistas, museos privados, claustros y villas. Estas ubicaciones permiten crear experiencias corporativas \u00fanicas y memorables.<\/p>\n<p>Florencia tambi\u00e9n ofrece experiencias culturales y gastron\u00f3micas excepcionales, como visitas privadas a museos, tours de arte, catas de vino y talleres culinarios, as\u00ed como actividades de team-building inspiradas en la artesan\u00eda, la moda y la cocina local.<\/p>\n<p>La regi\u00f3n circundante de Toscana ampl\u00eda las oportunidades para eventos corporativos. Desde las colinas de Chianti hasta ciudades hist\u00f3ricas como Siena, Pisa y Lucca, la regi\u00f3n ofrece vi\u00f1edos exclusivos, castillos hist\u00f3ricos y resorts de lujo para cenas privadas, actividades de team-building y experiencias aut\u00e9nticas.<\/p>\n<p>Con su prestigio cultural, sus espacios excepcionales, sus experiencias aut\u00e9nticas y la belleza natural de la Toscana, Florencia y sus alrededores representan un destino de clase mundial para eventos corporativos, ofreciendo elegancia, inspiraci\u00f3n y un impacto duradero.<\/p><\/div><\/div><\/div>\n<\/div>\n[\/vc_column][\/vc_row]<\/p>\n","protected":false},"excerpt":{"rendered":"<p>[vc_row][vc_column][\/vc_column][\/vc_row]<\/p>\n","protected":false},"author":1,"featured_media":0,"parent":5243,"menu_order":0,"comment_status":"closed","ping_status":"closed","template":"","meta":{"footnotes":""},"class_list":["post-6021","page","type-page","status-publish","hentry"],"yoast_head":"<!-- This site is optimized with the Yoast SEO plugin v23.7 - https:\/\/yoast.com\/wordpress\/plugins\/seo\/ -->\n<title>Florencia - Enyevent<\/title>\n<meta name=\"robots\" content=\"index, follow, max-snippet:-1, max-image-preview:large, max-video-preview:-1\" \/>\n<link rel=\"canonical\" href=\"https:\/\/enyevent.com\/es\/destinos\/florencia\/\" \/>\n<meta property=\"og:locale\" content=\"es_ES\" \/>\n<meta property=\"og:type\" content=\"article\" \/>\n<meta property=\"og:title\" content=\"Florencia - Enyevent\" \/>\n<meta property=\"og:description\" content=\"[vc_row][vc_column][\/vc_column][\/vc_row]\" \/>\n<meta property=\"og:url\" content=\"https:\/\/enyevent.com\/es\/destinos\/florencia\/\" \/>\n<meta property=\"og:site_name\" content=\"Enyevent\" \/>\n<meta property=\"article:publisher\" content=\"https:\/\/www.facebook.com\/pages\/Enyevent-Solutions\/1429727033923570\" \/>\n<meta property=\"article:modified_time\" content=\"2026-03-24T18:05:46+00:00\" \/>\n<meta name=\"twitter:card\" content=\"summary_large_image\" \/>\n<meta name=\"twitter:site\" content=\"@EnyeventSL\" \/>\n<meta name=\"twitter:label1\" content=\"Tiempo de lectura\" \/>\n\t<meta name=\"twitter:data1\" content=\"2 minutos\" \/>\n<script type=\"application\/ld+json\" class=\"yoast-schema-graph\">{\"@context\":\"https:\/\/schema.org\",\"@graph\":[{\"@type\":\"WebPage\",\"@id\":\"https:\/\/enyevent.com\/es\/destinos\/florencia\/\",\"url\":\"https:\/\/enyevent.com\/es\/destinos\/florencia\/\",\"name\":\"Florencia - Enyevent\",\"isPartOf\":{\"@id\":\"https:\/\/enyevent.com\/#website\"},\"datePublished\":\"2026-02-09T10:27:41+00:00\",\"dateModified\":\"2026-03-24T18:05:46+00:00\",\"breadcrumb\":{\"@id\":\"https:\/\/enyevent.com\/es\/destinos\/florencia\/#breadcrumb\"},\"inLanguage\":\"es\",\"potentialAction\":[{\"@type\":\"ReadAction\",\"target\":[\"https:\/\/enyevent.com\/es\/destinos\/florencia\/\"]}]},{\"@type\":\"BreadcrumbList\",\"@id\":\"https:\/\/enyevent.com\/es\/destinos\/florencia\/#breadcrumb\",\"itemListElement\":[{\"@type\":\"ListItem\",\"position\":1,\"name\":\"Home\",\"item\":\"https:\/\/enyevent.com\/es\/\"},{\"@type\":\"ListItem\",\"position\":2,\"name\":\"Gesti\u00f3n de Destinos\",\"item\":\"https:\/\/enyevent.com\/es\/destinos\/\"},{\"@type\":\"ListItem\",\"position\":3,\"name\":\"Florencia\"}]},{\"@type\":\"WebSite\",\"@id\":\"https:\/\/enyevent.com\/#website\",\"url\":\"https:\/\/enyevent.com\/\",\"name\":\"Enyevent\",\"description\":\"DMC Spain and France - Event planner in Spain and France\",\"publisher\":{\"@id\":\"https:\/\/enyevent.com\/#organization\"},\"potentialAction\":[{\"@type\":\"SearchAction\",\"target\":{\"@type\":\"EntryPoint\",\"urlTemplate\":\"https:\/\/enyevent.com\/?s={search_term_string}\"},\"query-input\":{\"@type\":\"PropertyValueSpecification\",\"valueRequired\":true,\"valueName\":\"search_term_string\"}}],\"inLanguage\":\"es\"},{\"@type\":\"Organization\",\"@id\":\"https:\/\/enyevent.com\/#organization\",\"name\":\"Enyevent\",\"url\":\"https:\/\/enyevent.com\/\",\"logo\":{\"@type\":\"ImageObject\",\"inLanguage\":\"es\",\"@id\":\"https:\/\/enyevent.com\/#\/schema\/logo\/image\/\",\"url\":\"https:\/\/enyevent.com\/wp-content\/uploads\/2023\/04\/logo-enyevent.png\",\"contentUrl\":\"https:\/\/enyevent.com\/wp-content\/uploads\/2023\/04\/logo-enyevent.png\",\"width\":226,\"height\":71,\"caption\":\"Enyevent\"},\"image\":{\"@id\":\"https:\/\/enyevent.com\/#\/schema\/logo\/image\/\"},\"sameAs\":[\"https:\/\/www.facebook.com\/pages\/Enyevent-Solutions\/1429727033923570\",\"https:\/\/x.com\/EnyeventSL\",\"https:\/\/www.instagram.com\/enyeventspaindmc\",\"http:\/\/www.youtube.com\/channel\/UCDehJbTpYupuXUgSye4jxjA\/about\"]}]}<\/script>\n<!-- \/ Yoast SEO plugin. -->","yoast_head_json":{"title":"Florencia - Enyevent","robots":{"index":"index","follow":"follow","max-snippet":"max-snippet:-1","max-image-preview":"max-image-preview:large","max-video-preview":"max-video-preview:-1"},"canonical":"https:\/\/enyevent.com\/es\/destinos\/florencia\/","og_locale":"es_ES","og_type":"article","og_title":"Florencia - Enyevent","og_description":"[vc_row][vc_column][\/vc_column][\/vc_row]","og_url":"https:\/\/enyevent.com\/es\/destinos\/florencia\/","og_site_name":"Enyevent","article_publisher":"https:\/\/www.facebook.com\/pages\/Enyevent-Solutions\/1429727033923570","article_modified_time":"2026-03-24T18:05:46+00:00","twitter_card":"summary_large_image","twitter_site":"@EnyeventSL","twitter_misc":{"Tiempo de lectura":"2 minutos"},"schema":{"@context":"https:\/\/schema.org","@graph":[{"@type":"WebPage","@id":"https:\/\/enyevent.com\/es\/destinos\/florencia\/","url":"https:\/\/enyevent.com\/es\/destinos\/florencia\/","name":"Florencia - Enyevent","isPartOf":{"@id":"https:\/\/enyevent.com\/#website"},"datePublished":"2026-02-09T10:27:41+00:00","dateModified":"2026-03-24T18:05:46+00:00","breadcrumb":{"@id":"https:\/\/enyevent.com\/es\/destinos\/florencia\/#breadcrumb"},"inLanguage":"es","potentialAction":[{"@type":"ReadAction","target":["https:\/\/enyevent.com\/es\/destinos\/florencia\/"]}]},{"@type":"BreadcrumbList","@id":"https:\/\/enyevent.com\/es\/destinos\/florencia\/#breadcrumb","itemListElement":[{"@type":"ListItem","position":1,"name":"Home","item":"https:\/\/enyevent.com\/es\/"},{"@type":"ListItem","position":2,"name":"Gesti\u00f3n de Destinos","item":"https:\/\/enyevent.com\/es\/destinos\/"},{"@type":"ListItem","position":3,"name":"Florencia"}]},{"@type":"WebSite","@id":"https:\/\/enyevent.com\/#website","url":"https:\/\/enyevent.com\/","name":"Enyevent","description":"DMC Spain and France - Event planner in Spain and France","publisher":{"@id":"https:\/\/enyevent.com\/#organization"},"potentialAction":[{"@type":"SearchAction","target":{"@type":"EntryPoint","urlTemplate":"https:\/\/enyevent.com\/?s={search_term_string}"},"query-input":{"@type":"PropertyValueSpecification","valueRequired":true,"valueName":"search_term_string"}}],"inLanguage":"es"},{"@type":"Organization","@id":"https:\/\/enyevent.com\/#organization","name":"Enyevent","url":"https:\/\/enyevent.com\/","logo":{"@type":"ImageObject","inLanguage":"es","@id":"https:\/\/enyevent.com\/#\/schema\/logo\/image\/","url":"https:\/\/enyevent.com\/wp-content\/uploads\/2023\/04\/logo-enyevent.png","contentUrl":"https:\/\/enyevent.com\/wp-content\/uploads\/2023\/04\/logo-enyevent.png","width":226,"height":71,"caption":"Enyevent"},"image":{"@id":"https:\/\/enyevent.com\/#\/schema\/logo\/image\/"},"sameAs":["https:\/\/www.facebook.com\/pages\/Enyevent-Solutions\/1429727033923570","https:\/\/x.com\/EnyeventSL","https:\/\/www.instagram.com\/enyeventspaindmc","http:\/\/www.youtube.com\/channel\/UCDehJbTpYupuXUgSye4jxjA\/about"]}]}},"_links":{"self":[{"href":"https:\/\/enyevent.com\/es\/wp-json\/wp\/v2\/pages\/6021"}],"collection":[{"href":"https:\/\/enyevent.com\/es\/wp-json\/wp\/v2\/pages"}],"about":[{"href":"https:\/\/enyevent.com\/es\/wp-json\/wp\/v2\/types\/page"}],"author":[{"embeddable":true,"href":"https:\/\/enyevent.com\/es\/wp-json\/wp\/v2\/users\/1"}],"replies":[{"embeddable":true,"href":"https:\/\/enyevent.com\/es\/wp-json\/wp\/v2\/comments?post=6021"}],"version-history":[{"count":2,"href":"https:\/\/enyevent.com\/es\/wp-json\/wp\/v2\/pages\/6021\/revisions"}],"predecessor-version":[{"id":6089,"href":"https:\/\/enyevent.com\/es\/wp-json\/wp\/v2\/pages\/6021\/revisions\/6089"}],"up":[{"embeddable":true,"href":"https:\/\/enyevent.com\/es\/wp-json\/wp\/v2\/pages\/5243"}],"wp:attachment":[{"href":"https:\/\/enyevent.com\/es\/wp-json\/wp\/v2\/media?parent=6021"}],"curies":[{"name":"wp","href":"https:\/\/api.w.org\/{rel}","templated":true}]}}