{"id":5610,"date":"2020-12-17T12:01:19","date_gmt":"2020-12-17T12:01:19","guid":{"rendered":"https:\/\/enyevent.com\/events-and-news\/"},"modified":"2024-02-13T12:05:36","modified_gmt":"2024-02-13T12:05:36","slug":"evenements-et-actualites","status":"publish","type":"page","link":"https:\/\/enyevent.com\/fr\/evenements-et-actualites\/","title":{"rendered":"\u00c9v\u00e9nements et Actualit\u00e9s"},"content":{"rendered":"<p>[vc_row][vc_column][vc_raw_html]JTNDc2NyaXB0JTIwc3JjJTNEJTIyaHR0cHMlM0ElMkYlMkZzdGF0aWMuZWxmc2lnaHQuY29tJTJGcGxhdGZvcm0lMkZwbGF0Zm9ybS5qcyUyMiUyMGRhdGEtdXNlLXNlcnZpY2UtY29yZSUyMGRlZmVyJTNFJTNDJTJGc2NyaXB0JTNFJTBBJTNDZGl2JTIwY2xhc3MlM0QlMjJlbGZzaWdodC1hcHAtN2Q4ZTBhZDAtZDc1Mi00NGI3LTk4M2MtNDFlMWNmZmVjMGZjJTIyJTIwZGF0YS1lbGZzaWdodC1hcHAtbGF6eSUzRSUzQyUyRmRpdiUzRQ==[\/vc_raw_html][\/vc_column][\/vc_row]<\/p>\n","protected":false},"excerpt":{"rendered":"<p>[vc_row][vc_column][vc_raw_html]JTNDc2NyaXB0JTIwc3JjJTNEJTIyaHR0cHMlM0ElMkYlMkZzdGF0aWMuZWxmc2lnaHQuY29tJTJGcGxhdGZvcm0lMkZwbGF0Zm9ybS5qcyUyMiUyMGRhdGEtdXNlLXNlcnZpY2UtY29yZSUyMGRlZmVyJTNFJTNDJTJGc2NyaXB0JTNFJTBBJTNDZGl2JTIwY2xhc3MlM0QlMjJlbGZzaWdodC1hcHAtN2Q4ZTBhZDAtZDc1Mi00NGI3LTk4M2MtNDFlMWNmZmVjMGZjJTIyJTIwZGF0YS1lbGZzaWdodC1hcHAtbGF6eSUzRSUzQyUyRmRpdiUzRQ==[\/vc_raw_html][\/vc_column][\/vc_row]<\/p>\n","protected":false},"author":1,"featured_media":0,"parent":0,"menu_order":0,"comment_status":"closed","ping_status":"closed","template":"","meta":{"footnotes":""},"class_list":["post-5610","page","type-page","status-publish","hentry"],"yoast_head":"<!-- This site is optimized with the Yoast SEO plugin v23.7 - https:\/\/yoast.com\/wordpress\/plugins\/seo\/ -->\n<title>\u00c9v\u00e9nements et Actualit\u00e9s - Enyevent<\/title>\n<meta name=\"robots\" content=\"index, follow, max-snippet:-1, max-image-preview:large, max-video-preview:-1\" \/>\n<link rel=\"canonical\" href=\"https:\/\/enyevent.com\/fr\/evenements-et-actualites\/\" \/>\n<meta property=\"og:locale\" content=\"fr_FR\" \/>\n<meta property=\"og:type\" content=\"article\" \/>\n<meta property=\"og:title\" content=\"\u00c9v\u00e9nements et Actualit\u00e9s - Enyevent\" \/>\n<meta property=\"og:description\" content=\"[vc_row][vc_column][vc_raw_html]JTNDc2NyaXB0JTIwc3JjJTNEJTIyaHR0cHMlM0ElMkYlMkZzdGF0aWMuZWxmc2lnaHQuY29tJTJGcGxhdGZvcm0lMkZwbGF0Zm9ybS5qcyUyMiUyMGRhdGEtdXNlLXNlcnZpY2UtY29yZSUyMGRlZmVyJTNFJTNDJTJGc2NyaXB0JTNFJTBBJTNDZGl2JTIwY2xhc3MlM0QlMjJlbGZzaWdodC1hcHAtN2Q4ZTBhZDAtZDc1Mi00NGI3LTk4M2MtNDFlMWNmZmVjMGZjJTIyJTIwZGF0YS1lbGZzaWdodC1hcHAtbGF6eSUzRSUzQyUyRmRpdiUzRQ==[\/vc_raw_html][\/vc_column][\/vc_row]\" \/>\n<meta property=\"og:url\" content=\"https:\/\/enyevent.com\/fr\/evenements-et-actualites\/\" \/>\n<meta property=\"og:site_name\" content=\"Enyevent\" \/>\n<meta property=\"article:publisher\" content=\"https:\/\/www.facebook.com\/pages\/Enyevent-Solutions\/1429727033923570\" \/>\n<meta property=\"article:modified_time\" content=\"2024-02-13T12:05:36+00:00\" \/>\n<meta name=\"twitter:card\" content=\"summary_large_image\" \/>\n<meta name=\"twitter:site\" content=\"@EnyeventSL\" \/>\n<script type=\"application\/ld+json\" class=\"yoast-schema-graph\">{\"@context\":\"https:\/\/schema.org\",\"@graph\":[{\"@type\":\"WebPage\",\"@id\":\"https:\/\/enyevent.com\/fr\/evenements-et-actualites\/\",\"url\":\"https:\/\/enyevent.com\/fr\/evenements-et-actualites\/\",\"name\":\"\u00c9v\u00e9nements et Actualit\u00e9s - Enyevent\",\"isPartOf\":{\"@id\":\"https:\/\/enyevent.com\/#website\"},\"datePublished\":\"2020-12-17T12:01:19+00:00\",\"dateModified\":\"2024-02-13T12:05:36+00:00\",\"breadcrumb\":{\"@id\":\"https:\/\/enyevent.com\/fr\/evenements-et-actualites\/#breadcrumb\"},\"inLanguage\":\"fr-FR\",\"potentialAction\":[{\"@type\":\"ReadAction\",\"target\":[\"https:\/\/enyevent.com\/fr\/evenements-et-actualites\/\"]}]},{\"@type\":\"BreadcrumbList\",\"@id\":\"https:\/\/enyevent.com\/fr\/evenements-et-actualites\/#breadcrumb\",\"itemListElement\":[{\"@type\":\"ListItem\",\"position\":1,\"name\":\"Home\",\"item\":\"https:\/\/enyevent.com\/es\/\"},{\"@type\":\"ListItem\",\"position\":2,\"name\":\"\u00c9v\u00e9nements et Actualit\u00e9s\"}]},{\"@type\":\"WebSite\",\"@id\":\"https:\/\/enyevent.com\/#website\",\"url\":\"https:\/\/enyevent.com\/\",\"name\":\"Enyevent\",\"description\":\"DMC Spain and France - Event planner in Spain and France\",\"publisher\":{\"@id\":\"https:\/\/enyevent.com\/#organization\"},\"potentialAction\":[{\"@type\":\"SearchAction\",\"target\":{\"@type\":\"EntryPoint\",\"urlTemplate\":\"https:\/\/enyevent.com\/?s={search_term_string}\"},\"query-input\":{\"@type\":\"PropertyValueSpecification\",\"valueRequired\":true,\"valueName\":\"search_term_string\"}}],\"inLanguage\":\"fr-FR\"},{\"@type\":\"Organization\",\"@id\":\"https:\/\/enyevent.com\/#organization\",\"name\":\"Enyevent\",\"url\":\"https:\/\/enyevent.com\/\",\"logo\":{\"@type\":\"ImageObject\",\"inLanguage\":\"fr-FR\",\"@id\":\"https:\/\/enyevent.com\/#\/schema\/logo\/image\/\",\"url\":\"https:\/\/enyevent.com\/wp-content\/uploads\/2023\/04\/logo-enyevent.png\",\"contentUrl\":\"https:\/\/enyevent.com\/wp-content\/uploads\/2023\/04\/logo-enyevent.png\",\"width\":226,\"height\":71,\"caption\":\"Enyevent\"},\"image\":{\"@id\":\"https:\/\/enyevent.com\/#\/schema\/logo\/image\/\"},\"sameAs\":[\"https:\/\/www.facebook.com\/pages\/Enyevent-Solutions\/1429727033923570\",\"https:\/\/x.com\/EnyeventSL\",\"https:\/\/www.instagram.com\/enyeventspaindmc\",\"http:\/\/www.youtube.com\/channel\/UCDehJbTpYupuXUgSye4jxjA\/about\"]}]}<\/script>\n<!-- \/ Yoast SEO plugin. -->","yoast_head_json":{"title":"\u00c9v\u00e9nements et Actualit\u00e9s - Enyevent","robots":{"index":"index","follow":"follow","max-snippet":"max-snippet:-1","max-image-preview":"max-image-preview:large","max-video-preview":"max-video-preview:-1"},"canonical":"https:\/\/enyevent.com\/fr\/evenements-et-actualites\/","og_locale":"fr_FR","og_type":"article","og_title":"\u00c9v\u00e9nements et Actualit\u00e9s - Enyevent","og_description":"[vc_row][vc_column][vc_raw_html]JTNDc2NyaXB0JTIwc3JjJTNEJTIyaHR0cHMlM0ElMkYlMkZzdGF0aWMuZWxmc2lnaHQuY29tJTJGcGxhdGZvcm0lMkZwbGF0Zm9ybS5qcyUyMiUyMGRhdGEtdXNlLXNlcnZpY2UtY29yZSUyMGRlZmVyJTNFJTNDJTJGc2NyaXB0JTNFJTBBJTNDZGl2JTIwY2xhc3MlM0QlMjJlbGZzaWdodC1hcHAtN2Q4ZTBhZDAtZDc1Mi00NGI3LTk4M2MtNDFlMWNmZmVjMGZjJTIyJTIwZGF0YS1lbGZzaWdodC1hcHAtbGF6eSUzRSUzQyUyRmRpdiUzRQ==[\/vc_raw_html][\/vc_column][\/vc_row]","og_url":"https:\/\/enyevent.com\/fr\/evenements-et-actualites\/","og_site_name":"Enyevent","article_publisher":"https:\/\/www.facebook.com\/pages\/Enyevent-Solutions\/1429727033923570","article_modified_time":"2024-02-13T12:05:36+00:00","twitter_card":"summary_large_image","twitter_site":"@EnyeventSL","schema":{"@context":"https:\/\/schema.org","@graph":[{"@type":"WebPage","@id":"https:\/\/enyevent.com\/fr\/evenements-et-actualites\/","url":"https:\/\/enyevent.com\/fr\/evenements-et-actualites\/","name":"\u00c9v\u00e9nements et Actualit\u00e9s - Enyevent","isPartOf":{"@id":"https:\/\/enyevent.com\/#website"},"datePublished":"2020-12-17T12:01:19+00:00","dateModified":"2024-02-13T12:05:36+00:00","breadcrumb":{"@id":"https:\/\/enyevent.com\/fr\/evenements-et-actualites\/#breadcrumb"},"inLanguage":"fr-FR","potentialAction":[{"@type":"ReadAction","target":["https:\/\/enyevent.com\/fr\/evenements-et-actualites\/"]}]},{"@type":"BreadcrumbList","@id":"https:\/\/enyevent.com\/fr\/evenements-et-actualites\/#breadcrumb","itemListElement":[{"@type":"ListItem","position":1,"name":"Home","item":"https:\/\/enyevent.com\/es\/"},{"@type":"ListItem","position":2,"name":"\u00c9v\u00e9nements et Actualit\u00e9s"}]},{"@type":"WebSite","@id":"https:\/\/enyevent.com\/#website","url":"https:\/\/enyevent.com\/","name":"Enyevent","description":"DMC Spain and France - Event planner in Spain and France","publisher":{"@id":"https:\/\/enyevent.com\/#organization"},"potentialAction":[{"@type":"SearchAction","target":{"@type":"EntryPoint","urlTemplate":"https:\/\/enyevent.com\/?s={search_term_string}"},"query-input":{"@type":"PropertyValueSpecification","valueRequired":true,"valueName":"search_term_string"}}],"inLanguage":"fr-FR"},{"@type":"Organization","@id":"https:\/\/enyevent.com\/#organization","name":"Enyevent","url":"https:\/\/enyevent.com\/","logo":{"@type":"ImageObject","inLanguage":"fr-FR","@id":"https:\/\/enyevent.com\/#\/schema\/logo\/image\/","url":"https:\/\/enyevent.com\/wp-content\/uploads\/2023\/04\/logo-enyevent.png","contentUrl":"https:\/\/enyevent.com\/wp-content\/uploads\/2023\/04\/logo-enyevent.png","width":226,"height":71,"caption":"Enyevent"},"image":{"@id":"https:\/\/enyevent.com\/#\/schema\/logo\/image\/"},"sameAs":["https:\/\/www.facebook.com\/pages\/Enyevent-Solutions\/1429727033923570","https:\/\/x.com\/EnyeventSL","https:\/\/www.instagram.com\/enyeventspaindmc","http:\/\/www.youtube.com\/channel\/UCDehJbTpYupuXUgSye4jxjA\/about"]}]}},"_links":{"self":[{"href":"https:\/\/enyevent.com\/fr\/wp-json\/wp\/v2\/pages\/5610"}],"collection":[{"href":"https:\/\/enyevent.com\/fr\/wp-json\/wp\/v2\/pages"}],"about":[{"href":"https:\/\/enyevent.com\/fr\/wp-json\/wp\/v2\/types\/page"}],"author":[{"embeddable":true,"href":"https:\/\/enyevent.com\/fr\/wp-json\/wp\/v2\/users\/1"}],"replies":[{"embeddable":true,"href":"https:\/\/enyevent.com\/fr\/wp-json\/wp\/v2\/comments?post=5610"}],"version-history":[{"count":2,"href":"https:\/\/enyevent.com\/fr\/wp-json\/wp\/v2\/pages\/5610\/revisions"}],"predecessor-version":[{"id":5612,"href":"https:\/\/enyevent.com\/fr\/wp-json\/wp\/v2\/pages\/5610\/revisions\/5612"}],"wp:attachment":[{"href":"https:\/\/enyevent.com\/fr\/wp-json\/wp\/v2\/media?parent=5610"}],"curies":[{"name":"wp","href":"https:\/\/api.w.org\/{rel}","templated":true}]}}