{"id":6015,"date":"2026-02-08T19:47:42","date_gmt":"2026-02-08T19:47:42","guid":{"rendered":"https:\/\/enyevent.com\/?page_id=6015"},"modified":"2026-03-24T18:25:11","modified_gmt":"2026-03-24T18:25:11","slug":"bologna","status":"publish","type":"page","link":"https:\/\/enyevent.com\/fr\/destinations\/bologna\/","title":{"rendered":"Bologne"},"content":{"rendered":"<p>[vc_row][vc_column]<style>.ld_spacer_69e037aed22d2{height:32px;}<\/style>\n<div class=\"ld-empty-space ld_spacer_69e037aed22d2\"><\/div><style><\/style><div class=\"lqd-tabs lqd-tabs-style-8 d-flex flex-wrap ld_tabs_69e037aed315e\" data-tabs-options='{\"trigger\":\"click\"}'>\n\n\t<nav class=\"lqd-tabs-nav-wrap\">\n\t\t<ul class=\"reset-ul lqd-tabs-nav d-flex flex-column \" role=\"tablist\"><li data-controls=\"lqd-1682073809060-587281a8-c4b4\" role=\"presentation\" class=\"ld_tab_section-69e037aed24c3 active\"><a class=\"d-flex align-items-center py-1 mb-2\" href=\"#lqd-1682073809060-587281a8-c4b4\" aria-expanded=\"false\" aria-controls=\"lqd-1682073809060-587281a8-c4b4\" role=\"tab\" data-toggle=\"tab\"><span class=\"lqd-tabs-nav-txt\">Bologne<\/span><\/a><\/li><\/ul>\t\t \n\t<\/nav>\n\n\t<div class=\"lqd-tabs-content pl-md-6\"><div id=\"lqd-1682073809060-587281a8-c4b4\" role=\"tabpanel\" class=\"lqd-tabs-pane fade active in\"><style>.ld_fancy_heading_69e037aed25a4 h5{color:#6ebb1f;}.ld_fancy_heading_69e037aed25a4 h5 {font-size:25px; } .ld_fancy_heading_69e037aed25a4 h5 {margin-bottom:1em !important;  } .ld_fancy_heading_69e037aed25a4 .lqd-highlight-inner{height:0.275em!important;bottom:0px!important;}.ld_fancy_heading_69e037aed25a4 h5 {font-size:25px; } .ld_fancy_heading_69e037aed25a4 h5 {margin-bottom:1em !important;  } <\/style><div class=\"ld-fancy-heading ld_fancy_heading_69e037aed25a4\">\n\t<h5 class=\"ld-fh-element lqd-highlight-underline lqd-highlight-grow-left text-decoration-default\"   >  Visiter Bologne<\/h5><\/div><style>.ld_content_box_69e037aed289b .lqd-fb-bg{background:-webkit-linear-gradient(180deg, rgba(255, 255, 255, 0) 0%, rgba(24, 27, 49, 0.6) 100%);background:linear-gradient(180deg, rgba(255, 255, 255, 0) 0%, rgba(24, 27, 49, 0.6) 100%);}<\/style><div id=\"ld_content_box_69e037aed289b\" class=\"lqd-fb round h-pt-60 lqd-fb-style-6 pos-rel ld_content_box_69e037aed289b\" data-lqd-zindex=\"true\">\n\t<div class=\"lqd-fb-inner lqd-overlay\">\n\t\t\n\t\t<div class=\"lqd-fb-shadow\"><\/div>\n\n\t\t<div class=\"d-flex flex-wrap align-items-center lqd-overlay\" data-hover3d=\"true\">\n\n\t\t\t<div class=\"lqd-fb-content-wrap lqd-overlay flex-column align-items-end transform-style-3d backface-hidden will-change-transform\" data-stacking-factor=\"0.5\">\n\n\t\t\t\t<div class=\"lqd-fb-img lqd-overlay rount backface-hidden\">\n\t\t\t\t\t<figure class=\"w-100\" data-responsive-bg=\"true\">\n\t\t\t\t\t\t<img decoding=\"async\" width=\"700\" height=\"394\" src=\"https:\/\/enyevent.com\/wp-content\/uploads\/2026\/03\/Bologna-torri-degli-asinelli-e1774355687983.jpg\" class=\"w-100 invisible\" alt=\"\" itemprop=\"image\" \/>\t\t\t\t\t<\/figure>\n\t\t\t\t\t<div class=\"lqd-fb-bg lqd-overlay\"><\/div>\n\t\t\t\t\t<div class=\"lqd-fb-hover-overlay lqd-overlay\"><\/div>\n\t\t\t\t<\/div>\n\n\t\t\t\t<div class=\"lqd-fb-content pos-abs pos-bl w-100 p-4 py-lg-7 px-lg-8 backface-hidden\">\n\n\t\t\t\t\t<span class=\"lqd-fb-icon d-flex mb-5\">\n\t\t\t\t\t\t\t\t\t\t\t<\/span>\n\n\t\t\t\t\t\t\t\t\t\t<h6 class=\"my-0 mb-3 font-weight-bold text-uppercase ltr-sp-2\">Activit\u00e9s \u00e0 Bologne<\/h6>\n\t\t\t\t\t\t\t\t\t\t\n\t\t\t\t\t\t\t\t\t\t<h2 class=\"lqd-fb-content-title my-0 mb-3 font-weight-bold\">Bologne<\/h2>\n\t\t\t\t\t\t\t\t\t\t\n\t\t\t\t\t\n\t\t\t\t<\/div>\n\n\t\t\t\t\n\t\t\t<\/div>\n\n\t\t<\/div>\n\n\t<\/div>\n<\/div><style>.ld_spacer_69e037aed2c75{height:30px;}@media (min-width: 992px) { .ld_spacer_69e037aed2c75{height:45px};}<\/style>\n<div class=\"ld-empty-space ld_spacer_69e037aed2c75\"><\/div><style>.ld_fancy_heading_69e037aed2df1 h6 {margin-bottom:1.5em !important;  } .ld_fancy_heading_69e037aed2df1 .lqd-highlight-inner{height:0.275em!important;bottom:0px!important;}.ld_fancy_heading_69e037aed2df1 h6 {margin-bottom:1.5em !important;  } <\/style><div class=\"ld-fancy-heading ld_fancy_heading_69e037aed2df1\">\n\t<h6 class=\"ld-fh-element lqd-highlight-underline lqd-highlight-grow-left text-decoration-default\"   >  <strong>Bologne est un excellent choix pour les \u00e9v\u00e9nements d\u2019entreprise gr\u00e2ce \u00e0 sa position centrale et \u00e0 ses solides connexions de transport, incluant un a\u00e9roport international et des liaisons ferroviaires \u00e0 grande vitesse vers les principales villes europ\u00e9ennes. La ville combine un centre historique compact et accessible \u00e0 pied avec une large gamme de lieux professionnels, allant des centres de congr\u00e8s modernes aux sites historiques \u00e9l\u00e9gants. R\u00e9put\u00e9e pour sa gastronomie et son atmosph\u00e8re dynamique, Bologne propose \u00e9galement des exp\u00e9riences culinaires et culturelles uniques. De plus, la r\u00e9gion environnante d\u2019\u00c9milie-Romagne offre de nombreuses opportunit\u00e9s pour des activit\u00e9s incentive, faisant de la destination un choix \u00e0 la fois pratique et particuli\u00e8rement attractif pour les voyages d\u2019affaires.<\/strong><\/h6><\/div><style>.ld_fancy_heading_69e037aed2fee p {margin-bottom:1.5em !important;  } .ld_fancy_heading_69e037aed2fee .lqd-highlight-inner{height:0.275em!important;bottom:0px!important;}.ld_fancy_heading_69e037aed2fee p {margin-bottom:1.5em !important;  } <\/style><div class=\"ld-fancy-heading ld_fancy_heading_69e037aed2fee\">\n\t<p class=\"ld-fh-element lqd-highlight-underline lqd-highlight-grow-left text-decoration-default\"   >  <\/p>\n<p>Bologne se distingue comme une destination de premier plan pour les \u00e9v\u00e9nements d\u2019entreprise, combinant un riche patrimoine culturel avec une infrastructure moderne adapt\u00e9e aux affaires. Situ\u00e9e au c\u0153ur de l\u2019Italie, la ville b\u00e9n\u00e9ficie d\u2019une excellente connectivit\u00e9, avec un a\u00e9roport international et des liaisons ferroviaires \u00e0 grande vitesse vers les principales villes europ\u00e9ennes.<\/p>\n<p>R\u00e9put\u00e9e pour sa gastronomie, son architecture historique et son ambiance acad\u00e9mique dynamique, Bologne offre un cadre inspirant pour les r\u00e9unions, conf\u00e9rences et programmes d\u2019incentive. La ville propose une large gamme de lieux de qualit\u00e9, allant des centres de congr\u00e8s et h\u00f4tels modernes aux palais historiques et espaces au charme industriel, permettant des exp\u00e9riences sur mesure pour chaque type d\u2019\u00e9v\u00e9nement corporatif.<\/p>\n<p>Les environs de Bologne enrichissent encore davantage son attrait. La r\u00e9gion \u00c9milie-Romagne abrite des villes embl\u00e9matiques telles que Mod\u00e8ne, Parme et Ferrare, offrant d\u2019excellentes opportunit\u00e9s pour des excursions culturelles et des \u00e9v\u00e9nements hors site. Des visites de producteurs de vinaigre balsamique et de parmesan Parmigiano Reggiano aux exp\u00e9riences de luxe li\u00e9es au Motor Valley, la r\u00e9gion garantit des exp\u00e9riences inoubliables pour les groupes corporatifs.<\/p>\n<p>Gr\u00e2ce \u00e0 sa combinaison d\u2019infrastructures efficaces, de lieux polyvalents, de caract\u00e8re italien authentique et d\u2019un environnement accueillant, Bologne et ses environs offrent un cadre distinctif et m\u00e9morable pour les \u00e9v\u00e9nements d\u2019entreprise.<\/p><\/div><\/div><\/div>\n<\/div>\n[\/vc_column][\/vc_row]<\/p>\n","protected":false},"excerpt":{"rendered":"<p>[vc_row][vc_column][\/vc_column][\/vc_row]<\/p>\n","protected":false},"author":1,"featured_media":0,"parent":4925,"menu_order":0,"comment_status":"closed","ping_status":"closed","template":"","meta":{"footnotes":""},"class_list":["post-6015","page","type-page","status-publish","hentry"],"yoast_head":"<!-- This site is optimized with the Yoast SEO plugin v23.7 - https:\/\/yoast.com\/wordpress\/plugins\/seo\/ -->\n<title>Bologne - Enyevent<\/title>\n<meta name=\"robots\" content=\"index, follow, max-snippet:-1, max-image-preview:large, max-video-preview:-1\" \/>\n<link rel=\"canonical\" href=\"https:\/\/enyevent.com\/es\/destinos\/bolonia\/\" \/>\n<meta property=\"og:locale\" content=\"fr_FR\" \/>\n<meta property=\"og:type\" content=\"article\" \/>\n<meta property=\"og:title\" content=\"Bologne - Enyevent\" \/>\n<meta property=\"og:description\" content=\"[vc_row][vc_column][\/vc_column][\/vc_row]\" \/>\n<meta property=\"og:url\" content=\"https:\/\/enyevent.com\/es\/destinos\/bolonia\/\" \/>\n<meta property=\"og:site_name\" content=\"Enyevent\" \/>\n<meta property=\"article:publisher\" content=\"https:\/\/www.facebook.com\/pages\/Enyevent-Solutions\/1429727033923570\" \/>\n<meta property=\"article:modified_time\" content=\"2026-03-24T18:25:11+00:00\" \/>\n<meta name=\"twitter:card\" content=\"summary_large_image\" \/>\n<meta name=\"twitter:site\" content=\"@EnyeventSL\" \/>\n<meta name=\"twitter:label1\" content=\"Dur\u00e9e de lecture estim\u00e9e\" \/>\n\t<meta name=\"twitter:data1\" content=\"2 minutes\" \/>\n<script type=\"application\/ld+json\" class=\"yoast-schema-graph\">{\"@context\":\"https:\/\/schema.org\",\"@graph\":[{\"@type\":\"WebPage\",\"@id\":\"https:\/\/enyevent.com\/es\/destinos\/bolonia\/\",\"url\":\"https:\/\/enyevent.com\/es\/destinos\/bolonia\/\",\"name\":\"Bologne - Enyevent\",\"isPartOf\":{\"@id\":\"https:\/\/enyevent.com\/#website\"},\"datePublished\":\"2026-02-08T19:47:42+00:00\",\"dateModified\":\"2026-03-24T18:25:11+00:00\",\"breadcrumb\":{\"@id\":\"https:\/\/enyevent.com\/es\/destinos\/bolonia\/#breadcrumb\"},\"inLanguage\":\"fr-FR\",\"potentialAction\":[{\"@type\":\"ReadAction\",\"target\":[\"https:\/\/enyevent.com\/es\/destinos\/bolonia\/\"]}]},{\"@type\":\"BreadcrumbList\",\"@id\":\"https:\/\/enyevent.com\/es\/destinos\/bolonia\/#breadcrumb\",\"itemListElement\":[{\"@type\":\"ListItem\",\"position\":1,\"name\":\"Home\",\"item\":\"https:\/\/enyevent.com\/es\/\"},{\"@type\":\"ListItem\",\"position\":2,\"name\":\"Gestion des destinations\",\"item\":\"https:\/\/enyevent.com\/es\/destinos\/\"},{\"@type\":\"ListItem\",\"position\":3,\"name\":\"Bologne\"}]},{\"@type\":\"WebSite\",\"@id\":\"https:\/\/enyevent.com\/#website\",\"url\":\"https:\/\/enyevent.com\/\",\"name\":\"Enyevent\",\"description\":\"DMC Spain and France - Event planner in Spain and France\",\"publisher\":{\"@id\":\"https:\/\/enyevent.com\/#organization\"},\"potentialAction\":[{\"@type\":\"SearchAction\",\"target\":{\"@type\":\"EntryPoint\",\"urlTemplate\":\"https:\/\/enyevent.com\/?s={search_term_string}\"},\"query-input\":{\"@type\":\"PropertyValueSpecification\",\"valueRequired\":true,\"valueName\":\"search_term_string\"}}],\"inLanguage\":\"fr-FR\"},{\"@type\":\"Organization\",\"@id\":\"https:\/\/enyevent.com\/#organization\",\"name\":\"Enyevent\",\"url\":\"https:\/\/enyevent.com\/\",\"logo\":{\"@type\":\"ImageObject\",\"inLanguage\":\"fr-FR\",\"@id\":\"https:\/\/enyevent.com\/#\/schema\/logo\/image\/\",\"url\":\"https:\/\/enyevent.com\/wp-content\/uploads\/2023\/04\/logo-enyevent.png\",\"contentUrl\":\"https:\/\/enyevent.com\/wp-content\/uploads\/2023\/04\/logo-enyevent.png\",\"width\":226,\"height\":71,\"caption\":\"Enyevent\"},\"image\":{\"@id\":\"https:\/\/enyevent.com\/#\/schema\/logo\/image\/\"},\"sameAs\":[\"https:\/\/www.facebook.com\/pages\/Enyevent-Solutions\/1429727033923570\",\"https:\/\/x.com\/EnyeventSL\",\"https:\/\/www.instagram.com\/enyeventspaindmc\",\"http:\/\/www.youtube.com\/channel\/UCDehJbTpYupuXUgSye4jxjA\/about\"]}]}<\/script>\n<!-- \/ Yoast SEO plugin. -->","yoast_head_json":{"title":"Bologne - Enyevent","robots":{"index":"index","follow":"follow","max-snippet":"max-snippet:-1","max-image-preview":"max-image-preview:large","max-video-preview":"max-video-preview:-1"},"canonical":"https:\/\/enyevent.com\/es\/destinos\/bolonia\/","og_locale":"fr_FR","og_type":"article","og_title":"Bologne - Enyevent","og_description":"[vc_row][vc_column][\/vc_column][\/vc_row]","og_url":"https:\/\/enyevent.com\/es\/destinos\/bolonia\/","og_site_name":"Enyevent","article_publisher":"https:\/\/www.facebook.com\/pages\/Enyevent-Solutions\/1429727033923570","article_modified_time":"2026-03-24T18:25:11+00:00","twitter_card":"summary_large_image","twitter_site":"@EnyeventSL","twitter_misc":{"Dur\u00e9e de lecture estim\u00e9e":"2 minutes"},"schema":{"@context":"https:\/\/schema.org","@graph":[{"@type":"WebPage","@id":"https:\/\/enyevent.com\/es\/destinos\/bolonia\/","url":"https:\/\/enyevent.com\/es\/destinos\/bolonia\/","name":"Bologne - Enyevent","isPartOf":{"@id":"https:\/\/enyevent.com\/#website"},"datePublished":"2026-02-08T19:47:42+00:00","dateModified":"2026-03-24T18:25:11+00:00","breadcrumb":{"@id":"https:\/\/enyevent.com\/es\/destinos\/bolonia\/#breadcrumb"},"inLanguage":"fr-FR","potentialAction":[{"@type":"ReadAction","target":["https:\/\/enyevent.com\/es\/destinos\/bolonia\/"]}]},{"@type":"BreadcrumbList","@id":"https:\/\/enyevent.com\/es\/destinos\/bolonia\/#breadcrumb","itemListElement":[{"@type":"ListItem","position":1,"name":"Home","item":"https:\/\/enyevent.com\/es\/"},{"@type":"ListItem","position":2,"name":"Gestion des destinations","item":"https:\/\/enyevent.com\/es\/destinos\/"},{"@type":"ListItem","position":3,"name":"Bologne"}]},{"@type":"WebSite","@id":"https:\/\/enyevent.com\/#website","url":"https:\/\/enyevent.com\/","name":"Enyevent","description":"DMC Spain and France - Event planner in Spain and France","publisher":{"@id":"https:\/\/enyevent.com\/#organization"},"potentialAction":[{"@type":"SearchAction","target":{"@type":"EntryPoint","urlTemplate":"https:\/\/enyevent.com\/?s={search_term_string}"},"query-input":{"@type":"PropertyValueSpecification","valueRequired":true,"valueName":"search_term_string"}}],"inLanguage":"fr-FR"},{"@type":"Organization","@id":"https:\/\/enyevent.com\/#organization","name":"Enyevent","url":"https:\/\/enyevent.com\/","logo":{"@type":"ImageObject","inLanguage":"fr-FR","@id":"https:\/\/enyevent.com\/#\/schema\/logo\/image\/","url":"https:\/\/enyevent.com\/wp-content\/uploads\/2023\/04\/logo-enyevent.png","contentUrl":"https:\/\/enyevent.com\/wp-content\/uploads\/2023\/04\/logo-enyevent.png","width":226,"height":71,"caption":"Enyevent"},"image":{"@id":"https:\/\/enyevent.com\/#\/schema\/logo\/image\/"},"sameAs":["https:\/\/www.facebook.com\/pages\/Enyevent-Solutions\/1429727033923570","https:\/\/x.com\/EnyeventSL","https:\/\/www.instagram.com\/enyeventspaindmc","http:\/\/www.youtube.com\/channel\/UCDehJbTpYupuXUgSye4jxjA\/about"]}]}},"_links":{"self":[{"href":"https:\/\/enyevent.com\/fr\/wp-json\/wp\/v2\/pages\/6015"}],"collection":[{"href":"https:\/\/enyevent.com\/fr\/wp-json\/wp\/v2\/pages"}],"about":[{"href":"https:\/\/enyevent.com\/fr\/wp-json\/wp\/v2\/types\/page"}],"author":[{"embeddable":true,"href":"https:\/\/enyevent.com\/fr\/wp-json\/wp\/v2\/users\/1"}],"replies":[{"embeddable":true,"href":"https:\/\/enyevent.com\/fr\/wp-json\/wp\/v2\/comments?post=6015"}],"version-history":[{"count":4,"href":"https:\/\/enyevent.com\/fr\/wp-json\/wp\/v2\/pages\/6015\/revisions"}],"predecessor-version":[{"id":6093,"href":"https:\/\/enyevent.com\/fr\/wp-json\/wp\/v2\/pages\/6015\/revisions\/6093"}],"up":[{"embeddable":true,"href":"https:\/\/enyevent.com\/fr\/wp-json\/wp\/v2\/pages\/4925"}],"wp:attachment":[{"href":"https:\/\/enyevent.com\/fr\/wp-json\/wp\/v2\/media?parent=6015"}],"curies":[{"name":"wp","href":"https:\/\/api.w.org\/{rel}","templated":true}]}}