{"id":6026,"date":"2026-02-09T10:31:21","date_gmt":"2026-02-09T10:31:21","guid":{"rendered":"https:\/\/enyevent.com\/?page_id=6026"},"modified":"2026-03-24T18:27:16","modified_gmt":"2026-03-24T18:27:16","slug":"milan","status":"publish","type":"page","link":"https:\/\/enyevent.com\/fr\/destinations\/milan\/","title":{"rendered":"Milan"},"content":{"rendered":"<p>[vc_row][vc_column]<style>.ld_spacer_69e037bc615d9{height:32px;}<\/style>\n<div class=\"ld-empty-space ld_spacer_69e037bc615d9\"><\/div><style><\/style><div class=\"lqd-tabs lqd-tabs-style-8 d-flex flex-wrap ld_tabs_69e037bc62598\" data-tabs-options='{\"trigger\":\"click\"}'>\n\n\t<nav class=\"lqd-tabs-nav-wrap\">\n\t\t<ul class=\"reset-ul lqd-tabs-nav d-flex flex-column \" role=\"tablist\"><li data-controls=\"lqd-1682073809060-587281a8-c4b4\" role=\"presentation\" class=\"ld_tab_section-69e037bc617f0 active\"><a class=\"d-flex align-items-center py-1 mb-2\" href=\"#lqd-1682073809060-587281a8-c4b4\" aria-expanded=\"false\" aria-controls=\"lqd-1682073809060-587281a8-c4b4\" role=\"tab\" data-toggle=\"tab\"><span class=\"lqd-tabs-nav-txt\">Milan<\/span><\/a><\/li><\/ul>\t\t \n\t<\/nav>\n\n\t<div class=\"lqd-tabs-content pl-md-6\"><div id=\"lqd-1682073809060-587281a8-c4b4\" role=\"tabpanel\" class=\"lqd-tabs-pane fade active in\"><style>.ld_fancy_heading_69e037bc618f4 h5{color:#6ebb1f;}.ld_fancy_heading_69e037bc618f4 h5 {font-size:25px; } .ld_fancy_heading_69e037bc618f4 h5 {margin-bottom:1em !important;  } .ld_fancy_heading_69e037bc618f4 .lqd-highlight-inner{height:0.275em!important;bottom:0px!important;}.ld_fancy_heading_69e037bc618f4 h5 {font-size:25px; } .ld_fancy_heading_69e037bc618f4 h5 {margin-bottom:1em !important;  } <\/style><div class=\"ld-fancy-heading ld_fancy_heading_69e037bc618f4\">\n\t<h5 class=\"ld-fh-element lqd-highlight-underline lqd-highlight-grow-left text-decoration-default\"   >  Visitez Milan<\/h5><\/div><style>.ld_content_box_69e037bc61c1c .lqd-fb-bg{background:-webkit-linear-gradient(180deg, rgba(255, 255, 255, 0) 0%, rgba(24, 27, 49, 0.6) 100%);background:linear-gradient(180deg, rgba(255, 255, 255, 0) 0%, rgba(24, 27, 49, 0.6) 100%);}<\/style><div id=\"ld_content_box_69e037bc61c1c\" class=\"lqd-fb round h-pt-60 lqd-fb-style-6 pos-rel ld_content_box_69e037bc61c1c\" data-lqd-zindex=\"true\">\n\t<div class=\"lqd-fb-inner lqd-overlay\">\n\t\t\n\t\t<div class=\"lqd-fb-shadow\"><\/div>\n\n\t\t<div class=\"d-flex flex-wrap align-items-center lqd-overlay\" data-hover3d=\"true\">\n\n\t\t\t<div class=\"lqd-fb-content-wrap lqd-overlay flex-column align-items-end transform-style-3d backface-hidden will-change-transform\" data-stacking-factor=\"0.5\">\n\n\t\t\t\t<div class=\"lqd-fb-img lqd-overlay rount backface-hidden\">\n\t\t\t\t\t<figure class=\"w-100\" data-responsive-bg=\"true\">\n\t\t\t\t\t\t<img decoding=\"async\" width=\"1200\" height=\"1200\" src=\"https:\/\/enyevent.com\/wp-content\/uploads\/2026\/03\/Milano-e1774356292223.jpg\" class=\"w-100 invisible\" alt=\"\" itemprop=\"image\" \/>\t\t\t\t\t<\/figure>\n\t\t\t\t\t<div class=\"lqd-fb-bg lqd-overlay\"><\/div>\n\t\t\t\t\t<div class=\"lqd-fb-hover-overlay lqd-overlay\"><\/div>\n\t\t\t\t<\/div>\n\n\t\t\t\t<div class=\"lqd-fb-content pos-abs pos-bl w-100 p-4 py-lg-7 px-lg-8 backface-hidden\">\n\n\t\t\t\t\t<span class=\"lqd-fb-icon d-flex mb-5\">\n\t\t\t\t\t\t\t\t\t\t\t<\/span>\n\n\t\t\t\t\t\t\t\t\t\t<h6 class=\"my-0 mb-3 font-weight-bold text-uppercase ltr-sp-2\">Activit\u00e9s \u00e0 Milan<\/h6>\n\t\t\t\t\t\t\t\t\t\t\n\t\t\t\t\t\t\t\t\t\t<h2 class=\"lqd-fb-content-title my-0 mb-3 font-weight-bold\">Milan<\/h2>\n\t\t\t\t\t\t\t\t\t\t\n\t\t\t\t\t\n\t\t\t\t<\/div>\n\n\t\t\t\t\n\t\t\t<\/div>\n\n\t\t<\/div>\n\n\t<\/div>\n<\/div><style>.ld_spacer_69e037bc61ff4{height:30px;}@media (min-width: 992px) { .ld_spacer_69e037bc61ff4{height:45px};}<\/style>\n<div class=\"ld-empty-space ld_spacer_69e037bc61ff4\"><\/div><style>.ld_fancy_heading_69e037bc62180 h6 {margin-bottom:1.5em !important;  } .ld_fancy_heading_69e037bc62180 .lqd-highlight-inner{height:0.275em!important;bottom:0px!important;}.ld_fancy_heading_69e037bc62180 h6 {margin-bottom:1.5em !important;  } <\/style><div class=\"ld-fancy-heading ld_fancy_heading_69e037bc62180\">\n\t<h6 class=\"ld-fh-element lqd-highlight-underline lqd-highlight-grow-left text-decoration-default\"   >  <strong>Milan est une destination de premier plan pour les \u00e9v\u00e9nements d\u2019entreprise gr\u00e2ce \u00e0 son r\u00f4le de centre \u00e9conomique majeur, ses infrastructures modernes et sa connectivit\u00e9 internationale exceptionnelle. La ville combine innovation, culture et acc\u00e8s \u00e0 des lieux prestigieux en Lombardie, offrant un cadre dynamique et polyvalent pour les \u00e9v\u00e9nements corporatifs.<\/strong><\/h6><\/div><style>.ld_fancy_heading_69e037bc623ba p {margin-bottom:1.5em !important;  } .ld_fancy_heading_69e037bc623ba .lqd-highlight-inner{height:0.275em!important;bottom:0px!important;}.ld_fancy_heading_69e037bc623ba p {margin-bottom:1.5em !important;  } <\/style><div class=\"ld-fancy-heading ld_fancy_heading_69e037bc623ba\">\n\t<p class=\"ld-fh-element lqd-highlight-underline lqd-highlight-grow-left text-decoration-default\"   >  Milan est le principal centre financier et \u00e9conomique d\u2019Italie, ce qui en fait une destination id\u00e9ale pour les \u00e9v\u00e9nements d\u2019entreprise, conf\u00e9rences internationales et r\u00e9unions de haut niveau. R\u00e9put\u00e9e pour son \u00e9nergie dynamique, son innovation et sa vision globale, la ville offre un \u00e9quilibre parfait entre infrastructures modernes et sophistication culturelle. Milan dispose de trois a\u00e9roports internationaux et de liaisons ferroviaires \u00e0 grande vitesse avec les principales villes europ\u00e9ennes.<\/p>\n<p>La ville offre certaines des installations pour \u00e9v\u00e9nements les plus avanc\u00e9es d\u2019Italie, incluant des centres de congr\u00e8s, des espaces d\u2019exposition et un large choix d\u2019h\u00f4tels de luxe. Milan propose \u00e9galement des lieux uniques et innovants, tels que des palais historiques, espaces d\u2019art contemporain, sites embl\u00e9matiques du design et lieux industriels r\u00e9am\u00e9nag\u00e9s, permettant des \u00e9v\u00e9nements corporatifs percutants et personnalis\u00e9s.<\/p>\n<p>Au-del\u00e0 de ses infrastructures, Milan offre des exp\u00e9riences culturelles et gastronomiques exclusives : visites priv\u00e9es de monuments embl\u00e9matiques, circuits artistiques et design, activit\u00e9s li\u00e9es \u00e0 la mode et d\u00eeners gastronomiques de haut niveau.<\/p>\n<p>La r\u00e9gion environnante de Lombardie compl\u00e8te l\u2019attractivit\u00e9 de Milan. Les lacs de C\u00f4me, Majeur et Garde offrent des resorts de luxe, villas historiques et activit\u00e9s de team-building en plein air, tandis que les r\u00e9gions viticoles et villages pittoresques offrent des exp\u00e9riences authentiques pour les programmes d\u2019incentive corporatifs.<\/p>\n<p>Gr\u00e2ce \u00e0 son infrastructure de pointe, sa connectivit\u00e9 globale, son esprit cr\u00e9atif et sa proximit\u00e9 avec des destinations prestigieuses du nord de l\u2019Italie, Milan et ses environs constituent un cadre polyvalent et tr\u00e8s attractif pour les \u00e9v\u00e9nements corporatifs de toutes tailles.<\/p><\/div><\/div><\/div>\n<\/div>\n[\/vc_column][\/vc_row]<\/p>\n","protected":false},"excerpt":{"rendered":"<p>[vc_row][vc_column][\/vc_column][\/vc_row]<\/p>\n","protected":false},"author":1,"featured_media":0,"parent":4925,"menu_order":0,"comment_status":"closed","ping_status":"closed","template":"","meta":{"footnotes":""},"class_list":["post-6026","page","type-page","status-publish","hentry"],"yoast_head":"<!-- This site is optimized with the Yoast SEO plugin v23.7 - https:\/\/yoast.com\/wordpress\/plugins\/seo\/ -->\n<title>Milan - Enyevent<\/title>\n<meta name=\"robots\" content=\"index, follow, max-snippet:-1, max-image-preview:large, max-video-preview:-1\" \/>\n<link rel=\"canonical\" href=\"https:\/\/enyevent.com\/es\/destinos\/milan\/\" \/>\n<meta property=\"og:locale\" content=\"fr_FR\" \/>\n<meta property=\"og:type\" content=\"article\" \/>\n<meta property=\"og:title\" content=\"Milan - Enyevent\" \/>\n<meta property=\"og:description\" content=\"[vc_row][vc_column][\/vc_column][\/vc_row]\" \/>\n<meta property=\"og:url\" content=\"https:\/\/enyevent.com\/es\/destinos\/milan\/\" \/>\n<meta property=\"og:site_name\" content=\"Enyevent\" \/>\n<meta property=\"article:publisher\" content=\"https:\/\/www.facebook.com\/pages\/Enyevent-Solutions\/1429727033923570\" \/>\n<meta property=\"article:modified_time\" content=\"2026-03-24T18:27:16+00:00\" \/>\n<meta name=\"twitter:card\" content=\"summary_large_image\" \/>\n<meta name=\"twitter:site\" content=\"@EnyeventSL\" \/>\n<meta name=\"twitter:label1\" content=\"Dur\u00e9e de lecture estim\u00e9e\" \/>\n\t<meta name=\"twitter:data1\" content=\"2 minutes\" \/>\n<script type=\"application\/ld+json\" class=\"yoast-schema-graph\">{\"@context\":\"https:\/\/schema.org\",\"@graph\":[{\"@type\":\"WebPage\",\"@id\":\"https:\/\/enyevent.com\/es\/destinos\/milan\/\",\"url\":\"https:\/\/enyevent.com\/es\/destinos\/milan\/\",\"name\":\"Milan - Enyevent\",\"isPartOf\":{\"@id\":\"https:\/\/enyevent.com\/#website\"},\"datePublished\":\"2026-02-09T10:31:21+00:00\",\"dateModified\":\"2026-03-24T18:27:16+00:00\",\"breadcrumb\":{\"@id\":\"https:\/\/enyevent.com\/es\/destinos\/milan\/#breadcrumb\"},\"inLanguage\":\"fr-FR\",\"potentialAction\":[{\"@type\":\"ReadAction\",\"target\":[\"https:\/\/enyevent.com\/es\/destinos\/milan\/\"]}]},{\"@type\":\"BreadcrumbList\",\"@id\":\"https:\/\/enyevent.com\/es\/destinos\/milan\/#breadcrumb\",\"itemListElement\":[{\"@type\":\"ListItem\",\"position\":1,\"name\":\"Home\",\"item\":\"https:\/\/enyevent.com\/es\/\"},{\"@type\":\"ListItem\",\"position\":2,\"name\":\"Gestion des destinations\",\"item\":\"https:\/\/enyevent.com\/es\/destinos\/\"},{\"@type\":\"ListItem\",\"position\":3,\"name\":\"Milan\"}]},{\"@type\":\"WebSite\",\"@id\":\"https:\/\/enyevent.com\/#website\",\"url\":\"https:\/\/enyevent.com\/\",\"name\":\"Enyevent\",\"description\":\"DMC Spain and France - Event planner in Spain and France\",\"publisher\":{\"@id\":\"https:\/\/enyevent.com\/#organization\"},\"potentialAction\":[{\"@type\":\"SearchAction\",\"target\":{\"@type\":\"EntryPoint\",\"urlTemplate\":\"https:\/\/enyevent.com\/?s={search_term_string}\"},\"query-input\":{\"@type\":\"PropertyValueSpecification\",\"valueRequired\":true,\"valueName\":\"search_term_string\"}}],\"inLanguage\":\"fr-FR\"},{\"@type\":\"Organization\",\"@id\":\"https:\/\/enyevent.com\/#organization\",\"name\":\"Enyevent\",\"url\":\"https:\/\/enyevent.com\/\",\"logo\":{\"@type\":\"ImageObject\",\"inLanguage\":\"fr-FR\",\"@id\":\"https:\/\/enyevent.com\/#\/schema\/logo\/image\/\",\"url\":\"https:\/\/enyevent.com\/wp-content\/uploads\/2023\/04\/logo-enyevent.png\",\"contentUrl\":\"https:\/\/enyevent.com\/wp-content\/uploads\/2023\/04\/logo-enyevent.png\",\"width\":226,\"height\":71,\"caption\":\"Enyevent\"},\"image\":{\"@id\":\"https:\/\/enyevent.com\/#\/schema\/logo\/image\/\"},\"sameAs\":[\"https:\/\/www.facebook.com\/pages\/Enyevent-Solutions\/1429727033923570\",\"https:\/\/x.com\/EnyeventSL\",\"https:\/\/www.instagram.com\/enyeventspaindmc\",\"http:\/\/www.youtube.com\/channel\/UCDehJbTpYupuXUgSye4jxjA\/about\"]}]}<\/script>\n<!-- \/ Yoast SEO plugin. -->","yoast_head_json":{"title":"Milan - Enyevent","robots":{"index":"index","follow":"follow","max-snippet":"max-snippet:-1","max-image-preview":"max-image-preview:large","max-video-preview":"max-video-preview:-1"},"canonical":"https:\/\/enyevent.com\/es\/destinos\/milan\/","og_locale":"fr_FR","og_type":"article","og_title":"Milan - Enyevent","og_description":"[vc_row][vc_column][\/vc_column][\/vc_row]","og_url":"https:\/\/enyevent.com\/es\/destinos\/milan\/","og_site_name":"Enyevent","article_publisher":"https:\/\/www.facebook.com\/pages\/Enyevent-Solutions\/1429727033923570","article_modified_time":"2026-03-24T18:27:16+00:00","twitter_card":"summary_large_image","twitter_site":"@EnyeventSL","twitter_misc":{"Dur\u00e9e de lecture estim\u00e9e":"2 minutes"},"schema":{"@context":"https:\/\/schema.org","@graph":[{"@type":"WebPage","@id":"https:\/\/enyevent.com\/es\/destinos\/milan\/","url":"https:\/\/enyevent.com\/es\/destinos\/milan\/","name":"Milan - Enyevent","isPartOf":{"@id":"https:\/\/enyevent.com\/#website"},"datePublished":"2026-02-09T10:31:21+00:00","dateModified":"2026-03-24T18:27:16+00:00","breadcrumb":{"@id":"https:\/\/enyevent.com\/es\/destinos\/milan\/#breadcrumb"},"inLanguage":"fr-FR","potentialAction":[{"@type":"ReadAction","target":["https:\/\/enyevent.com\/es\/destinos\/milan\/"]}]},{"@type":"BreadcrumbList","@id":"https:\/\/enyevent.com\/es\/destinos\/milan\/#breadcrumb","itemListElement":[{"@type":"ListItem","position":1,"name":"Home","item":"https:\/\/enyevent.com\/es\/"},{"@type":"ListItem","position":2,"name":"Gestion des destinations","item":"https:\/\/enyevent.com\/es\/destinos\/"},{"@type":"ListItem","position":3,"name":"Milan"}]},{"@type":"WebSite","@id":"https:\/\/enyevent.com\/#website","url":"https:\/\/enyevent.com\/","name":"Enyevent","description":"DMC Spain and France - Event planner in Spain and France","publisher":{"@id":"https:\/\/enyevent.com\/#organization"},"potentialAction":[{"@type":"SearchAction","target":{"@type":"EntryPoint","urlTemplate":"https:\/\/enyevent.com\/?s={search_term_string}"},"query-input":{"@type":"PropertyValueSpecification","valueRequired":true,"valueName":"search_term_string"}}],"inLanguage":"fr-FR"},{"@type":"Organization","@id":"https:\/\/enyevent.com\/#organization","name":"Enyevent","url":"https:\/\/enyevent.com\/","logo":{"@type":"ImageObject","inLanguage":"fr-FR","@id":"https:\/\/enyevent.com\/#\/schema\/logo\/image\/","url":"https:\/\/enyevent.com\/wp-content\/uploads\/2023\/04\/logo-enyevent.png","contentUrl":"https:\/\/enyevent.com\/wp-content\/uploads\/2023\/04\/logo-enyevent.png","width":226,"height":71,"caption":"Enyevent"},"image":{"@id":"https:\/\/enyevent.com\/#\/schema\/logo\/image\/"},"sameAs":["https:\/\/www.facebook.com\/pages\/Enyevent-Solutions\/1429727033923570","https:\/\/x.com\/EnyeventSL","https:\/\/www.instagram.com\/enyeventspaindmc","http:\/\/www.youtube.com\/channel\/UCDehJbTpYupuXUgSye4jxjA\/about"]}]}},"_links":{"self":[{"href":"https:\/\/enyevent.com\/fr\/wp-json\/wp\/v2\/pages\/6026"}],"collection":[{"href":"https:\/\/enyevent.com\/fr\/wp-json\/wp\/v2\/pages"}],"about":[{"href":"https:\/\/enyevent.com\/fr\/wp-json\/wp\/v2\/types\/page"}],"author":[{"embeddable":true,"href":"https:\/\/enyevent.com\/fr\/wp-json\/wp\/v2\/users\/1"}],"replies":[{"embeddable":true,"href":"https:\/\/enyevent.com\/fr\/wp-json\/wp\/v2\/comments?post=6026"}],"version-history":[{"count":2,"href":"https:\/\/enyevent.com\/fr\/wp-json\/wp\/v2\/pages\/6026\/revisions"}],"predecessor-version":[{"id":6095,"href":"https:\/\/enyevent.com\/fr\/wp-json\/wp\/v2\/pages\/6026\/revisions\/6095"}],"up":[{"embeddable":true,"href":"https:\/\/enyevent.com\/fr\/wp-json\/wp\/v2\/pages\/4925"}],"wp:attachment":[{"href":"https:\/\/enyevent.com\/fr\/wp-json\/wp\/v2\/media?parent=6026"}],"curies":[{"name":"wp","href":"https:\/\/api.w.org\/{rel}","templated":true}]}}