{"id":6030,"date":"2026-02-09T10:35:57","date_gmt":"2026-02-09T10:35:57","guid":{"rendered":"https:\/\/enyevent.com\/?page_id=6030"},"modified":"2026-03-24T18:28:10","modified_gmt":"2026-03-24T18:28:10","slug":"turin","status":"publish","type":"page","link":"https:\/\/enyevent.com\/fr\/destinations\/turin\/","title":{"rendered":"Turin"},"content":{"rendered":"<p>[vc_row][vc_column]<style>.ld_spacer_69e1dae05d985{height:32px;}<\/style>\n<div class=\"ld-empty-space ld_spacer_69e1dae05d985\"><\/div><style><\/style><div class=\"lqd-tabs lqd-tabs-style-8 d-flex flex-wrap ld_tabs_69e1dae05e8a1\" data-tabs-options='{\"trigger\":\"click\"}'>\n\n\t<nav class=\"lqd-tabs-nav-wrap\">\n\t\t<ul class=\"reset-ul lqd-tabs-nav d-flex flex-column \" role=\"tablist\"><li data-controls=\"lqd-1682073809060-587281a8-c4b4\" role=\"presentation\" class=\"ld_tab_section-69e1dae05dc08 active\"><a class=\"d-flex align-items-center py-1 mb-2\" href=\"#lqd-1682073809060-587281a8-c4b4\" aria-expanded=\"false\" aria-controls=\"lqd-1682073809060-587281a8-c4b4\" role=\"tab\" data-toggle=\"tab\"><span class=\"lqd-tabs-nav-txt\">Turin<\/span><\/a><\/li><\/ul>\t\t \n\t<\/nav>\n\n\t<div class=\"lqd-tabs-content pl-md-6\"><div id=\"lqd-1682073809060-587281a8-c4b4\" role=\"tabpanel\" class=\"lqd-tabs-pane fade active in\"><style>.ld_fancy_heading_69e1dae05dd1f h5{color:#6ebb1f;}.ld_fancy_heading_69e1dae05dd1f h5 {font-size:25px; } .ld_fancy_heading_69e1dae05dd1f h5 {margin-bottom:1em !important;  } .ld_fancy_heading_69e1dae05dd1f .lqd-highlight-inner{height:0.275em!important;bottom:0px!important;}.ld_fancy_heading_69e1dae05dd1f h5 {font-size:25px; } .ld_fancy_heading_69e1dae05dd1f h5 {margin-bottom:1em !important;  } <\/style><div class=\"ld-fancy-heading ld_fancy_heading_69e1dae05dd1f\">\n\t<h5 class=\"ld-fh-element lqd-highlight-underline lqd-highlight-grow-left text-decoration-default\"   >  Visitez Turin<\/h5><\/div><style>.ld_content_box_69e1dae05e04e .lqd-fb-bg{background:-webkit-linear-gradient(180deg, rgba(255, 255, 255, 0) 0%, rgba(24, 27, 49, 0.6) 100%);background:linear-gradient(180deg, rgba(255, 255, 255, 0) 0%, rgba(24, 27, 49, 0.6) 100%);}<\/style><div id=\"ld_content_box_69e1dae05e04e\" class=\"lqd-fb round h-pt-60 lqd-fb-style-6 pos-rel ld_content_box_69e1dae05e04e\" data-lqd-zindex=\"true\">\n\t<div class=\"lqd-fb-inner lqd-overlay\">\n\t\t\n\t\t<div class=\"lqd-fb-shadow\"><\/div>\n\n\t\t<div class=\"d-flex flex-wrap align-items-center lqd-overlay\" data-hover3d=\"true\">\n\n\t\t\t<div class=\"lqd-fb-content-wrap lqd-overlay flex-column align-items-end transform-style-3d backface-hidden will-change-transform\" data-stacking-factor=\"0.5\">\n\n\t\t\t\t<div class=\"lqd-fb-img lqd-overlay rount backface-hidden\">\n\t\t\t\t\t<figure class=\"w-100\" data-responsive-bg=\"true\">\n\t\t\t\t\t\t<img decoding=\"async\" width=\"600\" height=\"450\" src=\"https:\/\/enyevent.com\/wp-content\/uploads\/2026\/03\/parco-del-valentino-e1774371827779.jpg\" class=\"w-100 invisible\" alt=\"\" itemprop=\"image\" \/>\t\t\t\t\t<\/figure>\n\t\t\t\t\t<div class=\"lqd-fb-bg lqd-overlay\"><\/div>\n\t\t\t\t\t<div class=\"lqd-fb-hover-overlay lqd-overlay\"><\/div>\n\t\t\t\t<\/div>\n\n\t\t\t\t<div class=\"lqd-fb-content pos-abs pos-bl w-100 p-4 py-lg-7 px-lg-8 backface-hidden\">\n\n\t\t\t\t\t<span class=\"lqd-fb-icon d-flex mb-5\">\n\t\t\t\t\t\t\t\t\t\t\t<\/span>\n\n\t\t\t\t\t\t\t\t\t\t<h6 class=\"my-0 mb-3 font-weight-bold text-uppercase ltr-sp-2\">Activit\u00e9s \u00e0 Turin<\/h6>\n\t\t\t\t\t\t\t\t\t\t\n\t\t\t\t\t\t\t\t\t\t<h2 class=\"lqd-fb-content-title my-0 mb-3 font-weight-bold\">Turin<\/h2>\n\t\t\t\t\t\t\t\t\t\t\n\t\t\t\t\t\n\t\t\t\t<\/div>\n\n\t\t\t\t\n\t\t\t<\/div>\n\n\t\t<\/div>\n\n\t<\/div>\n<\/div><style>.ld_spacer_69e1dae05e3e8{height:30px;}@media (min-width: 992px) { .ld_spacer_69e1dae05e3e8{height:45px};}<\/style>\n<div class=\"ld-empty-space ld_spacer_69e1dae05e3e8\"><\/div><style>.ld_fancy_heading_69e1dae05e551 h6 {margin-bottom:1.5em !important;  } .ld_fancy_heading_69e1dae05e551 .lqd-highlight-inner{height:0.275em!important;bottom:0px!important;}.ld_fancy_heading_69e1dae05e551 h6 {margin-bottom:1.5em !important;  } <\/style><div class=\"ld-fancy-heading ld_fancy_heading_69e1dae05e551\">\n\t<h6 class=\"ld-fh-element lqd-highlight-underline lqd-highlight-grow-left text-decoration-default\"   >  <strong>Turin est une destination raffin\u00e9e pour les \u00e9v\u00e9nements d\u2019entreprise, alliant tradition industrielle, innovation et \u00e9l\u00e9gance architecturale, avec une excellente accessibilit\u00e9 internationale. La ville et la r\u00e9gion du Pi\u00e9mont offrent des lieux prestigieux, des exp\u00e9riences culturelles et gastronomiques uniques, ainsi que des cadres naturels d\u2019exception, id\u00e9als pour des \u00e9v\u00e9nements corporatifs m\u00e9morables.<\/strong><\/h6><\/div><style>.ld_fancy_heading_69e1dae05e736 p {margin-bottom:1.5em !important;  } .ld_fancy_heading_69e1dae05e736 .lqd-highlight-inner{height:0.275em!important;bottom:0px!important;}.ld_fancy_heading_69e1dae05e736 p {margin-bottom:1.5em !important;  } <\/style><div class=\"ld-fancy-heading ld_fancy_heading_69e1dae05e736\">\n\t<p class=\"ld-fh-element lqd-highlight-underline lqd-highlight-grow-left text-decoration-default\"   >  Turin, capitale de la r\u00e9gion du Pi\u00e9mont, est une destination \u00e9l\u00e9gante et sophistiqu\u00e9e pour les \u00e9v\u00e9nements corporatifs, avec un riche patrimoine industriel, une architecture raffin\u00e9e et une forte tradition d\u2019innovation. En tant que centre \u00e9conomique et industriel majeur en Italie, Turin offre un environnement id\u00e9al pour conf\u00e9rences, r\u00e9unions, lancements de produits et programmes d\u2019incentive. La ville est accessible par un a\u00e9roport international et des trains \u00e0 grande vitesse, et se situe \u00e0 proximit\u00e9 de la France et de la Suisse.<\/p>\n<p>Turin combine des lieux historiques avec des infrastructures modernes pour \u00e9v\u00e9nements, offrant une large gamme d\u2019espaces adapt\u00e9s aux besoins corporatifs. Des centres de conf\u00e9rences et h\u00f4tels de luxe aux palais baroques, anciens espaces industriels et mus\u00e9es, la ville permet d\u2019organiser des \u00e9v\u00e9nements exclusifs et m\u00e9morables.<\/p>\n<p>La ville propose \u00e9galement des exp\u00e9riences culturelles et gastronomiques uniques : visites priv\u00e9es de mus\u00e9es, d\u00e9gustations de chocolat et de vins, ateliers culinaires et circuits culturels refl\u00e9tant son caract\u00e8re noble et intellectuel.<\/p>\n<p>La r\u00e9gion du Pi\u00e9mont enrichit l\u2019offre avec ses c\u00e9l\u00e8bres r\u00e9gions viticoles Langhe, Roero et Monferrato, class\u00e9es au patrimoine mondial de l\u2019UNESCO. Les collines ondulantes, villages historiques, ch\u00e2teaux et resorts de luxe offrent des cadres parfaits pour des d\u00eeners exclusifs, activit\u00e9s de team-building et exp\u00e9riences authentiques. De plus, la proximit\u00e9 des Alpes permet des programmes de montagne et activit\u00e9s de plein air saisonni\u00e8res.<\/p>\n<p>Avec son charme urbain raffin\u00e9, sa tradition \u00e9conomique, ses lieux de qualit\u00e9 et une r\u00e9gion environnante r\u00e9put\u00e9e pour l\u2019excellence de ses vins, sa gastronomie et ses paysages, Turin et le Pi\u00e9mont repr\u00e9sentent une destination \u00e9l\u00e9gante et m\u00e9morable pour les \u00e9v\u00e9nements d\u2019entreprise.<\/p><\/div><\/div><\/div>\n<\/div>\n[\/vc_column][\/vc_row]<\/p>\n","protected":false},"excerpt":{"rendered":"<p>[vc_row][vc_column][\/vc_column][\/vc_row]<\/p>\n","protected":false},"author":1,"featured_media":0,"parent":4925,"menu_order":0,"comment_status":"closed","ping_status":"closed","template":"","meta":{"footnotes":""},"class_list":["post-6030","page","type-page","status-publish","hentry"],"yoast_head":"<!-- This site is optimized with the Yoast SEO plugin v23.7 - https:\/\/yoast.com\/wordpress\/plugins\/seo\/ -->\n<title>Turin - Enyevent<\/title>\n<meta name=\"robots\" content=\"index, follow, max-snippet:-1, max-image-preview:large, max-video-preview:-1\" \/>\n<link rel=\"canonical\" href=\"https:\/\/enyevent.com\/es\/destinos\/turin\/\" \/>\n<meta property=\"og:locale\" content=\"fr_FR\" \/>\n<meta property=\"og:type\" content=\"article\" \/>\n<meta property=\"og:title\" content=\"Turin - Enyevent\" \/>\n<meta property=\"og:description\" content=\"[vc_row][vc_column][\/vc_column][\/vc_row]\" \/>\n<meta property=\"og:url\" content=\"https:\/\/enyevent.com\/es\/destinos\/turin\/\" \/>\n<meta property=\"og:site_name\" content=\"Enyevent\" \/>\n<meta property=\"article:publisher\" content=\"https:\/\/www.facebook.com\/pages\/Enyevent-Solutions\/1429727033923570\" \/>\n<meta property=\"article:modified_time\" content=\"2026-03-24T18:28:10+00:00\" \/>\n<meta name=\"twitter:card\" content=\"summary_large_image\" \/>\n<meta name=\"twitter:site\" content=\"@EnyeventSL\" \/>\n<meta name=\"twitter:label1\" content=\"Dur\u00e9e de lecture estim\u00e9e\" \/>\n\t<meta name=\"twitter:data1\" content=\"2 minutes\" \/>\n<script type=\"application\/ld+json\" class=\"yoast-schema-graph\">{\"@context\":\"https:\/\/schema.org\",\"@graph\":[{\"@type\":\"WebPage\",\"@id\":\"https:\/\/enyevent.com\/es\/destinos\/turin\/\",\"url\":\"https:\/\/enyevent.com\/es\/destinos\/turin\/\",\"name\":\"Turin - Enyevent\",\"isPartOf\":{\"@id\":\"https:\/\/enyevent.com\/#website\"},\"datePublished\":\"2026-02-09T10:35:57+00:00\",\"dateModified\":\"2026-03-24T18:28:10+00:00\",\"breadcrumb\":{\"@id\":\"https:\/\/enyevent.com\/es\/destinos\/turin\/#breadcrumb\"},\"inLanguage\":\"fr-FR\",\"potentialAction\":[{\"@type\":\"ReadAction\",\"target\":[\"https:\/\/enyevent.com\/es\/destinos\/turin\/\"]}]},{\"@type\":\"BreadcrumbList\",\"@id\":\"https:\/\/enyevent.com\/es\/destinos\/turin\/#breadcrumb\",\"itemListElement\":[{\"@type\":\"ListItem\",\"position\":1,\"name\":\"Home\",\"item\":\"https:\/\/enyevent.com\/es\/\"},{\"@type\":\"ListItem\",\"position\":2,\"name\":\"Gestion des destinations\",\"item\":\"https:\/\/enyevent.com\/es\/destinos\/\"},{\"@type\":\"ListItem\",\"position\":3,\"name\":\"Turin\"}]},{\"@type\":\"WebSite\",\"@id\":\"https:\/\/enyevent.com\/#website\",\"url\":\"https:\/\/enyevent.com\/\",\"name\":\"Enyevent\",\"description\":\"DMC Spain and France - Event planner in Spain and France\",\"publisher\":{\"@id\":\"https:\/\/enyevent.com\/#organization\"},\"potentialAction\":[{\"@type\":\"SearchAction\",\"target\":{\"@type\":\"EntryPoint\",\"urlTemplate\":\"https:\/\/enyevent.com\/?s={search_term_string}\"},\"query-input\":{\"@type\":\"PropertyValueSpecification\",\"valueRequired\":true,\"valueName\":\"search_term_string\"}}],\"inLanguage\":\"fr-FR\"},{\"@type\":\"Organization\",\"@id\":\"https:\/\/enyevent.com\/#organization\",\"name\":\"Enyevent\",\"url\":\"https:\/\/enyevent.com\/\",\"logo\":{\"@type\":\"ImageObject\",\"inLanguage\":\"fr-FR\",\"@id\":\"https:\/\/enyevent.com\/#\/schema\/logo\/image\/\",\"url\":\"https:\/\/enyevent.com\/wp-content\/uploads\/2023\/04\/logo-enyevent.png\",\"contentUrl\":\"https:\/\/enyevent.com\/wp-content\/uploads\/2023\/04\/logo-enyevent.png\",\"width\":226,\"height\":71,\"caption\":\"Enyevent\"},\"image\":{\"@id\":\"https:\/\/enyevent.com\/#\/schema\/logo\/image\/\"},\"sameAs\":[\"https:\/\/www.facebook.com\/pages\/Enyevent-Solutions\/1429727033923570\",\"https:\/\/x.com\/EnyeventSL\",\"https:\/\/www.instagram.com\/enyeventspaindmc\",\"http:\/\/www.youtube.com\/channel\/UCDehJbTpYupuXUgSye4jxjA\/about\"]}]}<\/script>\n<!-- \/ Yoast SEO plugin. -->","yoast_head_json":{"title":"Turin - Enyevent","robots":{"index":"index","follow":"follow","max-snippet":"max-snippet:-1","max-image-preview":"max-image-preview:large","max-video-preview":"max-video-preview:-1"},"canonical":"https:\/\/enyevent.com\/es\/destinos\/turin\/","og_locale":"fr_FR","og_type":"article","og_title":"Turin - Enyevent","og_description":"[vc_row][vc_column][\/vc_column][\/vc_row]","og_url":"https:\/\/enyevent.com\/es\/destinos\/turin\/","og_site_name":"Enyevent","article_publisher":"https:\/\/www.facebook.com\/pages\/Enyevent-Solutions\/1429727033923570","article_modified_time":"2026-03-24T18:28:10+00:00","twitter_card":"summary_large_image","twitter_site":"@EnyeventSL","twitter_misc":{"Dur\u00e9e de lecture estim\u00e9e":"2 minutes"},"schema":{"@context":"https:\/\/schema.org","@graph":[{"@type":"WebPage","@id":"https:\/\/enyevent.com\/es\/destinos\/turin\/","url":"https:\/\/enyevent.com\/es\/destinos\/turin\/","name":"Turin - Enyevent","isPartOf":{"@id":"https:\/\/enyevent.com\/#website"},"datePublished":"2026-02-09T10:35:57+00:00","dateModified":"2026-03-24T18:28:10+00:00","breadcrumb":{"@id":"https:\/\/enyevent.com\/es\/destinos\/turin\/#breadcrumb"},"inLanguage":"fr-FR","potentialAction":[{"@type":"ReadAction","target":["https:\/\/enyevent.com\/es\/destinos\/turin\/"]}]},{"@type":"BreadcrumbList","@id":"https:\/\/enyevent.com\/es\/destinos\/turin\/#breadcrumb","itemListElement":[{"@type":"ListItem","position":1,"name":"Home","item":"https:\/\/enyevent.com\/es\/"},{"@type":"ListItem","position":2,"name":"Gestion des destinations","item":"https:\/\/enyevent.com\/es\/destinos\/"},{"@type":"ListItem","position":3,"name":"Turin"}]},{"@type":"WebSite","@id":"https:\/\/enyevent.com\/#website","url":"https:\/\/enyevent.com\/","name":"Enyevent","description":"DMC Spain and France - Event planner in Spain and France","publisher":{"@id":"https:\/\/enyevent.com\/#organization"},"potentialAction":[{"@type":"SearchAction","target":{"@type":"EntryPoint","urlTemplate":"https:\/\/enyevent.com\/?s={search_term_string}"},"query-input":{"@type":"PropertyValueSpecification","valueRequired":true,"valueName":"search_term_string"}}],"inLanguage":"fr-FR"},{"@type":"Organization","@id":"https:\/\/enyevent.com\/#organization","name":"Enyevent","url":"https:\/\/enyevent.com\/","logo":{"@type":"ImageObject","inLanguage":"fr-FR","@id":"https:\/\/enyevent.com\/#\/schema\/logo\/image\/","url":"https:\/\/enyevent.com\/wp-content\/uploads\/2023\/04\/logo-enyevent.png","contentUrl":"https:\/\/enyevent.com\/wp-content\/uploads\/2023\/04\/logo-enyevent.png","width":226,"height":71,"caption":"Enyevent"},"image":{"@id":"https:\/\/enyevent.com\/#\/schema\/logo\/image\/"},"sameAs":["https:\/\/www.facebook.com\/pages\/Enyevent-Solutions\/1429727033923570","https:\/\/x.com\/EnyeventSL","https:\/\/www.instagram.com\/enyeventspaindmc","http:\/\/www.youtube.com\/channel\/UCDehJbTpYupuXUgSye4jxjA\/about"]}]}},"_links":{"self":[{"href":"https:\/\/enyevent.com\/fr\/wp-json\/wp\/v2\/pages\/6030"}],"collection":[{"href":"https:\/\/enyevent.com\/fr\/wp-json\/wp\/v2\/pages"}],"about":[{"href":"https:\/\/enyevent.com\/fr\/wp-json\/wp\/v2\/types\/page"}],"author":[{"embeddable":true,"href":"https:\/\/enyevent.com\/fr\/wp-json\/wp\/v2\/users\/1"}],"replies":[{"embeddable":true,"href":"https:\/\/enyevent.com\/fr\/wp-json\/wp\/v2\/comments?post=6030"}],"version-history":[{"count":2,"href":"https:\/\/enyevent.com\/fr\/wp-json\/wp\/v2\/pages\/6030\/revisions"}],"predecessor-version":[{"id":6096,"href":"https:\/\/enyevent.com\/fr\/wp-json\/wp\/v2\/pages\/6030\/revisions\/6096"}],"up":[{"embeddable":true,"href":"https:\/\/enyevent.com\/fr\/wp-json\/wp\/v2\/pages\/4925"}],"wp:attachment":[{"href":"https:\/\/enyevent.com\/fr\/wp-json\/wp\/v2\/media?parent=6030"}],"curies":[{"name":"wp","href":"https:\/\/api.w.org\/{rel}","templated":true}]}}