{"id":6034,"date":"2026-02-09T10:39:07","date_gmt":"2026-02-09T10:39:07","guid":{"rendered":"https:\/\/enyevent.com\/?page_id=6034"},"modified":"2026-03-24T18:29:14","modified_gmt":"2026-03-24T18:29:14","slug":"verone","status":"publish","type":"page","link":"https:\/\/enyevent.com\/fr\/destinations\/verone\/","title":{"rendered":"V\u00e9rone"},"content":{"rendered":"<p>[vc_row][vc_column]<style>.ld_spacer_69e0362e16181{height:32px;}<\/style>\n<div class=\"ld-empty-space ld_spacer_69e0362e16181\"><\/div><style><\/style><div class=\"lqd-tabs lqd-tabs-style-8 d-flex flex-wrap ld_tabs_69e0362e1719f\" data-tabs-options='{\"trigger\":\"click\"}'>\n\n\t<nav class=\"lqd-tabs-nav-wrap\">\n\t\t<ul class=\"reset-ul lqd-tabs-nav d-flex flex-column \" role=\"tablist\"><li data-controls=\"lqd-1682073809060-587281a8-c4b4\" role=\"presentation\" class=\"ld_tab_section-69e0362e1640f active\"><a class=\"d-flex align-items-center py-1 mb-2\" href=\"#lqd-1682073809060-587281a8-c4b4\" aria-expanded=\"false\" aria-controls=\"lqd-1682073809060-587281a8-c4b4\" role=\"tab\" data-toggle=\"tab\"><span class=\"lqd-tabs-nav-txt\">V\u00e9rone<\/span><\/a><\/li><\/ul>\t\t \n\t<\/nav>\n\n\t<div class=\"lqd-tabs-content pl-md-6\"><div id=\"lqd-1682073809060-587281a8-c4b4\" role=\"tabpanel\" class=\"lqd-tabs-pane fade active in\"><style>.ld_fancy_heading_69e0362e16599 h5{color:#6ebb1f;}.ld_fancy_heading_69e0362e16599 h5 {font-size:25px; } .ld_fancy_heading_69e0362e16599 h5 {margin-bottom:1em !important;  } .ld_fancy_heading_69e0362e16599 .lqd-highlight-inner{height:0.275em!important;bottom:0px!important;}.ld_fancy_heading_69e0362e16599 h5 {font-size:25px; } .ld_fancy_heading_69e0362e16599 h5 {margin-bottom:1em !important;  } <\/style><div class=\"ld-fancy-heading ld_fancy_heading_69e0362e16599\">\n\t<h5 class=\"ld-fh-element lqd-highlight-underline lqd-highlight-grow-left text-decoration-default\"   >  Visitez V\u00e9rone<\/h5><\/div><style>.ld_content_box_69e0362e168a7 .lqd-fb-bg{background:-webkit-linear-gradient(180deg, rgba(255, 255, 255, 0) 0%, rgba(24, 27, 49, 0.6) 100%);background:linear-gradient(180deg, rgba(255, 255, 255, 0) 0%, rgba(24, 27, 49, 0.6) 100%);}<\/style><div id=\"ld_content_box_69e0362e168a7\" class=\"lqd-fb round h-pt-60 lqd-fb-style-6 pos-rel ld_content_box_69e0362e168a7\" data-lqd-zindex=\"true\">\n\t<div class=\"lqd-fb-inner lqd-overlay\">\n\t\t\n\t\t<div class=\"lqd-fb-shadow\"><\/div>\n\n\t\t<div class=\"d-flex flex-wrap align-items-center lqd-overlay\" data-hover3d=\"true\">\n\n\t\t\t<div class=\"lqd-fb-content-wrap lqd-overlay flex-column align-items-end transform-style-3d backface-hidden will-change-transform\" data-stacking-factor=\"0.5\">\n\n\t\t\t\t<div class=\"lqd-fb-img lqd-overlay rount backface-hidden\">\n\t\t\t\t\t<figure class=\"w-100\" data-responsive-bg=\"true\">\n\t\t\t\t\t\t<img decoding=\"async\" width=\"720\" height=\"480\" src=\"https:\/\/enyevent.com\/wp-content\/uploads\/2026\/03\/Verona.jpg\" class=\"w-100 invisible\" alt=\"\" srcset=\"https:\/\/enyevent.com\/wp-content\/uploads\/2026\/03\/Verona.jpg 720w, https:\/\/enyevent.com\/wp-content\/uploads\/2026\/03\/Verona-300x200.jpg 300w\" sizes=\"(max-width: 720px) 100vw, 720px\" itemprop=\"image\" \/>\t\t\t\t\t<\/figure>\n\t\t\t\t\t<div class=\"lqd-fb-bg lqd-overlay\"><\/div>\n\t\t\t\t\t<div class=\"lqd-fb-hover-overlay lqd-overlay\"><\/div>\n\t\t\t\t<\/div>\n\n\t\t\t\t<div class=\"lqd-fb-content pos-abs pos-bl w-100 p-4 py-lg-7 px-lg-8 backface-hidden\">\n\n\t\t\t\t\t<span class=\"lqd-fb-icon d-flex mb-5\">\n\t\t\t\t\t\t\t\t\t\t\t<\/span>\n\n\t\t\t\t\t\t\t\t\t\t<h6 class=\"my-0 mb-3 font-weight-bold text-uppercase ltr-sp-2\">Activit\u00e9s \u00e0 V\u00e9rone<\/h6>\n\t\t\t\t\t\t\t\t\t\t\n\t\t\t\t\t\t\t\t\t\t<h2 class=\"lqd-fb-content-title my-0 mb-3 font-weight-bold\">V\u00e9rone<\/h2>\n\t\t\t\t\t\t\t\t\t\t\n\t\t\t\t\t\n\t\t\t\t<\/div>\n\n\t\t\t\t\n\t\t\t<\/div>\n\n\t\t<\/div>\n\n\t<\/div>\n<\/div><style>.ld_spacer_69e0362e16c74{height:30px;}@media (min-width: 992px) { .ld_spacer_69e0362e16c74{height:45px};}<\/style>\n<div class=\"ld-empty-space ld_spacer_69e0362e16c74\"><\/div><style>.ld_fancy_heading_69e0362e16deb h6 {margin-bottom:1.5em !important;  } .ld_fancy_heading_69e0362e16deb .lqd-highlight-inner{height:0.275em!important;bottom:0px!important;}.ld_fancy_heading_69e0362e16deb h6 {margin-bottom:1.5em !important;  } <\/style><div class=\"ld-fancy-heading ld_fancy_heading_69e0362e16deb\">\n\t<h6 class=\"ld-fh-element lqd-highlight-underline lqd-highlight-grow-left text-decoration-default\"   >  <strong>V\u00e9rone est une destination id\u00e9ale pour les \u00e9v\u00e9nements d\u2019entreprise, alliant charme historique, infrastructures modernes et excellente accessibilit\u00e9 dans le nord de l\u2019Italie. La ville et la r\u00e9gion du V\u00e9n\u00e9tie offrent des lieux prestigieux, des exp\u00e9riences culturelles et gastronomiques uniques, ainsi que des cadres naturels attrayants pour des \u00e9v\u00e9nements corporatifs m\u00e9morables.<\/strong><\/h6><\/div><style>.ld_fancy_heading_69e0362e17029 p {margin-bottom:1.5em !important;  } .ld_fancy_heading_69e0362e17029 .lqd-highlight-inner{height:0.275em!important;bottom:0px!important;}.ld_fancy_heading_69e0362e17029 p {margin-bottom:1.5em !important;  } <\/style><div class=\"ld-fancy-heading ld_fancy_heading_69e0362e17029\">\n\t<p class=\"ld-fh-element lqd-highlight-underline lqd-highlight-grow-left text-decoration-default\"   >  V\u00e9rone est une destination captivante pour les \u00e9v\u00e9nements corporatifs, combinant charme historique, infrastructures modernes et emplacement strat\u00e9gique dans le nord de l\u2019Italie. C\u00e9l\u00e8bre pour son ar\u00e8ne romaine, ses rues m\u00e9di\u00e9vales et son patrimoine artistique, la ville offre un cadre prestigieux pour les r\u00e9unions, conf\u00e9rences, programmes d\u2019incentive et \u00e9v\u00e9nements corporatifs exclusifs. V\u00e9rone est accessible via l\u2019a\u00e9roport de V\u00e9rone Villafranca et les trains \u00e0 grande vitesse vers Milan, Venise et d\u2019autres grandes villes.<\/p>\n<p>La ville propose une large gamme de lieux, des centres de congr\u00e8s modernes et h\u00f4tels de luxe aux palais historiques, villas et espaces culturels uniques, permettant des \u00e9v\u00e9nements corporatifs personnalis\u00e9s, qu\u2019il s\u2019agisse de grandes conf\u00e9rences, de d\u00eeners de gala ou de r\u00e9unions ex\u00e9cutives intimes.<\/p>\n<p>V\u00e9rone offre \u00e9galement des exp\u00e9riences culturelles et gastronomiques exceptionnelles : visites priv\u00e9es de l\u2019Arena, de la Maison de Juliette et du centre historique, ainsi que des exp\u00e9riences \u0153nologiques et gastronomiques dans les domaines environnants.<\/p>\n<p>La r\u00e9gion du V\u00e9n\u00e9tie renforce encore l\u2019attrait de V\u00e9rone. Des lacs comme le lac de Garde aux villages pittoresques et r\u00e9gions viticoles, il est possible d\u2019organiser des programmes d\u2019incentive, des \u00e9v\u00e9nements hors site et des activit\u00e9s de team-building. Les villas historiques et paysages pittoresques offrent des exp\u00e9riences corporatives uniques.<\/p>\n<p>Avec son prestige historique, ses lieux de qualit\u00e9, sa gastronomie exceptionnelle et ses paysages environnants, V\u00e9rone et ses environs repr\u00e9sentent une destination polyvalente, \u00e9l\u00e9gante et m\u00e9morable pour les \u00e9v\u00e9nements corporatifs.<\/p><\/div><\/div><\/div>\n<\/div>\n[\/vc_column][\/vc_row]<\/p>\n","protected":false},"excerpt":{"rendered":"<p>[vc_row][vc_column][\/vc_column][\/vc_row]<\/p>\n","protected":false},"author":1,"featured_media":0,"parent":4925,"menu_order":0,"comment_status":"closed","ping_status":"closed","template":"","meta":{"footnotes":""},"class_list":["post-6034","page","type-page","status-publish","hentry"],"yoast_head":"<!-- This site is optimized with the Yoast SEO plugin v23.7 - https:\/\/yoast.com\/wordpress\/plugins\/seo\/ -->\n<title>V\u00e9rone - Enyevent<\/title>\n<meta name=\"robots\" content=\"index, follow, max-snippet:-1, max-image-preview:large, max-video-preview:-1\" \/>\n<link rel=\"canonical\" href=\"https:\/\/enyevent.com\/es\/destinos\/verona\/\" \/>\n<meta property=\"og:locale\" content=\"fr_FR\" \/>\n<meta property=\"og:type\" content=\"article\" \/>\n<meta property=\"og:title\" content=\"V\u00e9rone - Enyevent\" \/>\n<meta property=\"og:description\" content=\"[vc_row][vc_column][\/vc_column][\/vc_row]\" \/>\n<meta property=\"og:url\" content=\"https:\/\/enyevent.com\/es\/destinos\/verona\/\" \/>\n<meta property=\"og:site_name\" content=\"Enyevent\" \/>\n<meta property=\"article:publisher\" content=\"https:\/\/www.facebook.com\/pages\/Enyevent-Solutions\/1429727033923570\" \/>\n<meta property=\"article:modified_time\" content=\"2026-03-24T18:29:14+00:00\" \/>\n<meta name=\"twitter:card\" content=\"summary_large_image\" \/>\n<meta name=\"twitter:site\" content=\"@EnyeventSL\" \/>\n<meta name=\"twitter:label1\" content=\"Dur\u00e9e de lecture estim\u00e9e\" \/>\n\t<meta name=\"twitter:data1\" content=\"2 minutes\" \/>\n<script type=\"application\/ld+json\" class=\"yoast-schema-graph\">{\"@context\":\"https:\/\/schema.org\",\"@graph\":[{\"@type\":\"WebPage\",\"@id\":\"https:\/\/enyevent.com\/es\/destinos\/verona\/\",\"url\":\"https:\/\/enyevent.com\/es\/destinos\/verona\/\",\"name\":\"V\u00e9rone - Enyevent\",\"isPartOf\":{\"@id\":\"https:\/\/enyevent.com\/#website\"},\"datePublished\":\"2026-02-09T10:39:07+00:00\",\"dateModified\":\"2026-03-24T18:29:14+00:00\",\"breadcrumb\":{\"@id\":\"https:\/\/enyevent.com\/es\/destinos\/verona\/#breadcrumb\"},\"inLanguage\":\"fr-FR\",\"potentialAction\":[{\"@type\":\"ReadAction\",\"target\":[\"https:\/\/enyevent.com\/es\/destinos\/verona\/\"]}]},{\"@type\":\"BreadcrumbList\",\"@id\":\"https:\/\/enyevent.com\/es\/destinos\/verona\/#breadcrumb\",\"itemListElement\":[{\"@type\":\"ListItem\",\"position\":1,\"name\":\"Home\",\"item\":\"https:\/\/enyevent.com\/es\/\"},{\"@type\":\"ListItem\",\"position\":2,\"name\":\"Gestion des destinations\",\"item\":\"https:\/\/enyevent.com\/es\/destinos\/\"},{\"@type\":\"ListItem\",\"position\":3,\"name\":\"V\u00e9rone\"}]},{\"@type\":\"WebSite\",\"@id\":\"https:\/\/enyevent.com\/#website\",\"url\":\"https:\/\/enyevent.com\/\",\"name\":\"Enyevent\",\"description\":\"DMC Spain and France - Event planner in Spain and France\",\"publisher\":{\"@id\":\"https:\/\/enyevent.com\/#organization\"},\"potentialAction\":[{\"@type\":\"SearchAction\",\"target\":{\"@type\":\"EntryPoint\",\"urlTemplate\":\"https:\/\/enyevent.com\/?s={search_term_string}\"},\"query-input\":{\"@type\":\"PropertyValueSpecification\",\"valueRequired\":true,\"valueName\":\"search_term_string\"}}],\"inLanguage\":\"fr-FR\"},{\"@type\":\"Organization\",\"@id\":\"https:\/\/enyevent.com\/#organization\",\"name\":\"Enyevent\",\"url\":\"https:\/\/enyevent.com\/\",\"logo\":{\"@type\":\"ImageObject\",\"inLanguage\":\"fr-FR\",\"@id\":\"https:\/\/enyevent.com\/#\/schema\/logo\/image\/\",\"url\":\"https:\/\/enyevent.com\/wp-content\/uploads\/2023\/04\/logo-enyevent.png\",\"contentUrl\":\"https:\/\/enyevent.com\/wp-content\/uploads\/2023\/04\/logo-enyevent.png\",\"width\":226,\"height\":71,\"caption\":\"Enyevent\"},\"image\":{\"@id\":\"https:\/\/enyevent.com\/#\/schema\/logo\/image\/\"},\"sameAs\":[\"https:\/\/www.facebook.com\/pages\/Enyevent-Solutions\/1429727033923570\",\"https:\/\/x.com\/EnyeventSL\",\"https:\/\/www.instagram.com\/enyeventspaindmc\",\"http:\/\/www.youtube.com\/channel\/UCDehJbTpYupuXUgSye4jxjA\/about\"]}]}<\/script>\n<!-- \/ Yoast SEO plugin. -->","yoast_head_json":{"title":"V\u00e9rone - Enyevent","robots":{"index":"index","follow":"follow","max-snippet":"max-snippet:-1","max-image-preview":"max-image-preview:large","max-video-preview":"max-video-preview:-1"},"canonical":"https:\/\/enyevent.com\/es\/destinos\/verona\/","og_locale":"fr_FR","og_type":"article","og_title":"V\u00e9rone - Enyevent","og_description":"[vc_row][vc_column][\/vc_column][\/vc_row]","og_url":"https:\/\/enyevent.com\/es\/destinos\/verona\/","og_site_name":"Enyevent","article_publisher":"https:\/\/www.facebook.com\/pages\/Enyevent-Solutions\/1429727033923570","article_modified_time":"2026-03-24T18:29:14+00:00","twitter_card":"summary_large_image","twitter_site":"@EnyeventSL","twitter_misc":{"Dur\u00e9e de lecture estim\u00e9e":"2 minutes"},"schema":{"@context":"https:\/\/schema.org","@graph":[{"@type":"WebPage","@id":"https:\/\/enyevent.com\/es\/destinos\/verona\/","url":"https:\/\/enyevent.com\/es\/destinos\/verona\/","name":"V\u00e9rone - Enyevent","isPartOf":{"@id":"https:\/\/enyevent.com\/#website"},"datePublished":"2026-02-09T10:39:07+00:00","dateModified":"2026-03-24T18:29:14+00:00","breadcrumb":{"@id":"https:\/\/enyevent.com\/es\/destinos\/verona\/#breadcrumb"},"inLanguage":"fr-FR","potentialAction":[{"@type":"ReadAction","target":["https:\/\/enyevent.com\/es\/destinos\/verona\/"]}]},{"@type":"BreadcrumbList","@id":"https:\/\/enyevent.com\/es\/destinos\/verona\/#breadcrumb","itemListElement":[{"@type":"ListItem","position":1,"name":"Home","item":"https:\/\/enyevent.com\/es\/"},{"@type":"ListItem","position":2,"name":"Gestion des destinations","item":"https:\/\/enyevent.com\/es\/destinos\/"},{"@type":"ListItem","position":3,"name":"V\u00e9rone"}]},{"@type":"WebSite","@id":"https:\/\/enyevent.com\/#website","url":"https:\/\/enyevent.com\/","name":"Enyevent","description":"DMC Spain and France - Event planner in Spain and France","publisher":{"@id":"https:\/\/enyevent.com\/#organization"},"potentialAction":[{"@type":"SearchAction","target":{"@type":"EntryPoint","urlTemplate":"https:\/\/enyevent.com\/?s={search_term_string}"},"query-input":{"@type":"PropertyValueSpecification","valueRequired":true,"valueName":"search_term_string"}}],"inLanguage":"fr-FR"},{"@type":"Organization","@id":"https:\/\/enyevent.com\/#organization","name":"Enyevent","url":"https:\/\/enyevent.com\/","logo":{"@type":"ImageObject","inLanguage":"fr-FR","@id":"https:\/\/enyevent.com\/#\/schema\/logo\/image\/","url":"https:\/\/enyevent.com\/wp-content\/uploads\/2023\/04\/logo-enyevent.png","contentUrl":"https:\/\/enyevent.com\/wp-content\/uploads\/2023\/04\/logo-enyevent.png","width":226,"height":71,"caption":"Enyevent"},"image":{"@id":"https:\/\/enyevent.com\/#\/schema\/logo\/image\/"},"sameAs":["https:\/\/www.facebook.com\/pages\/Enyevent-Solutions\/1429727033923570","https:\/\/x.com\/EnyeventSL","https:\/\/www.instagram.com\/enyeventspaindmc","http:\/\/www.youtube.com\/channel\/UCDehJbTpYupuXUgSye4jxjA\/about"]}]}},"_links":{"self":[{"href":"https:\/\/enyevent.com\/fr\/wp-json\/wp\/v2\/pages\/6034"}],"collection":[{"href":"https:\/\/enyevent.com\/fr\/wp-json\/wp\/v2\/pages"}],"about":[{"href":"https:\/\/enyevent.com\/fr\/wp-json\/wp\/v2\/types\/page"}],"author":[{"embeddable":true,"href":"https:\/\/enyevent.com\/fr\/wp-json\/wp\/v2\/users\/1"}],"replies":[{"embeddable":true,"href":"https:\/\/enyevent.com\/fr\/wp-json\/wp\/v2\/comments?post=6034"}],"version-history":[{"count":2,"href":"https:\/\/enyevent.com\/fr\/wp-json\/wp\/v2\/pages\/6034\/revisions"}],"predecessor-version":[{"id":6097,"href":"https:\/\/enyevent.com\/fr\/wp-json\/wp\/v2\/pages\/6034\/revisions\/6097"}],"up":[{"embeddable":true,"href":"https:\/\/enyevent.com\/fr\/wp-json\/wp\/v2\/pages\/4925"}],"wp:attachment":[{"href":"https:\/\/enyevent.com\/fr\/wp-json\/wp\/v2\/media?parent=6034"}],"curies":[{"name":"wp","href":"https:\/\/api.w.org\/{rel}","templated":true}]}}